{"id":3584,"date":"2025-09-28T22:25:51","date_gmt":"2025-09-28T20:25:51","guid":{"rendered":"https:\/\/fiuka.cremermedia.de\/?page_id=3584"},"modified":"2026-01-14T17:04:23","modified_gmt":"2026-01-14T16:04:23","slug":"elektroblech-fertigung","status":"publish","type":"page","link":"https:\/\/www.fiuka.de\/pl\/technologien\/elektroblech-fertigung\/","title":{"rendered":"Produkcja blachy elektrotechnicznej"},"content":{"rendered":"\t\t<div data-elementor-type=\"wp-page\" data-elementor-id=\"3584\" class=\"elementor elementor-3584\" data-elementor-settings=\"{&quot;ha_cmc_init_switcher&quot;:&quot;no&quot;}\" data-elementor-post-type=\"page\">\n\t\t\t\t<div class=\"elementor-element elementor-element-58d1aee elementor-hidden-tablet elementor-hidden-mobile elementor-hidden-tablet_extra elementor-hidden-mobile_extra e-flex e-con-boxed e-con e-parent\" data-id=\"58d1aee\" data-element_type=\"container\" data-e-type=\"container\" data-settings=\"{&quot;background_background&quot;:&quot;classic&quot;,&quot;_ha_eqh_enable&quot;:false}\">\n\t\t\t\t\t<div class=\"e-con-inner\">\n\t\t<div class=\"elementor-element elementor-element-5adf751 e-con-full .progressive-blur-left-to-right e-flex e-con e-child\" data-id=\"5adf751\" data-element_type=\"container\" data-e-type=\"container\" data-settings=\"{&quot;_ha_eqh_enable&quot;:false}\">\n\t\t\t\t<div class=\"elementor-element elementor-element-339d246 elementor-widget elementor-widget-heading\" data-id=\"339d246\" data-element_type=\"widget\" data-e-type=\"widget\" data-widget_type=\"heading.default\">\n\t\t\t\t\t<h2 class=\"elementor-heading-title elementor-size-default\">Wo Strom, <br>Form annimmt.\n<\/h2>\t\t\t\t<\/div>\n\t\t\t\t<div class=\"elementor-element elementor-element-27af109 elementor-widget elementor-widget-heading\" data-id=\"27af109\" data-element_type=\"widget\" data-e-type=\"widget\" data-widget_type=\"heading.default\">\n\t\t\t\t\t<h1 class=\"elementor-heading-title elementor-size-default\">Elektroblechfertigung f\u00fcr Rotor- und Statorpakete.<\/h1>\t\t\t\t<\/div>\n\t\t<div class=\"elementor-element elementor-element-4e45acb e-con-full e-flex e-con e-child\" data-id=\"4e45acb\" data-element_type=\"container\" data-e-type=\"container\" data-settings=\"{&quot;_ha_eqh_enable&quot;:false}\">\n\t\t<div class=\"elementor-element elementor-element-b284a9b e-con-full e-flex e-con e-child\" data-id=\"b284a9b\" data-element_type=\"container\" data-e-type=\"container\" data-settings=\"{&quot;_ha_eqh_enable&quot;:false}\">\n\t\t\t\t<div class=\"elementor-element elementor-element-94ab0ed elevate-btn elementor-widget elementor-widget-button\" data-id=\"94ab0ed\" data-element_type=\"widget\" data-e-type=\"widget\" data-widget_type=\"button.default\">\n\t\t\t\t\t\t\t\t\t\t<a class=\"elementor-button elementor-button-link elementor-size-sm\" href=\"#mehrerfahren\">\n\t\t\t\t\t\t<span class=\"elementor-button-content-wrapper\">\n\t\t\t\t\t\t\t\t\t<span class=\"elementor-button-text\">erfahren sie mehr<\/span>\n\t\t\t\t\t<\/span>\n\t\t\t\t\t<\/a>\n\t\t\t\t\t\t\t\t<\/div>\n\t\t\t\t<div class=\"elementor-element elementor-element-0db5145 elevate-btn elementor-widget elementor-widget-button\" data-id=\"0db5145\" data-element_type=\"widget\" data-e-type=\"widget\" data-widget_type=\"button.default\">\n\t\t\t\t\t\t\t\t\t\t<a class=\"elementor-button elementor-button-link elementor-size-sm\" href=\"#projektanfrage\">\n\t\t\t\t\t\t<span class=\"elementor-button-content-wrapper\">\n\t\t\t\t\t\t\t\t\t<span class=\"elementor-button-text\">Projektanfrage<\/span>\n\t\t\t\t\t<\/span>\n\t\t\t\t\t<\/a>\n\t\t\t\t\t\t\t\t<\/div>\n\t\t\t\t<\/div>\n\t\t\t\t<\/div>\n\t\t\t\t<\/div>\n\t\t\t\t\t<\/div>\n\t\t\t\t<\/div>\n\t\t<div class=\"elementor-element elementor-element-7859222 elementor-hidden-desktop elementor-hidden-laptop e-con-full elementor-hidden-widescreen e-flex e-con e-parent\" data-id=\"7859222\" data-element_type=\"container\" data-e-type=\"container\" data-settings=\"{&quot;background_background&quot;:&quot;classic&quot;,&quot;_ha_eqh_enable&quot;:false}\">\n\t\t<div class=\"elementor-element elementor-element-73273ed e-con-full e-flex e-con e-child\" data-id=\"73273ed\" data-element_type=\"container\" data-e-type=\"container\" data-settings=\"{&quot;_ha_eqh_enable&quot;:false}\">\n\t\t\t\t<div class=\"elementor-element elementor-element-ae7d794 elementor-widget elementor-widget-heading\" data-id=\"ae7d794\" data-element_type=\"widget\" data-e-type=\"widget\" data-widget_type=\"heading.default\">\n\t\t\t\t\t<h2 class=\"elementor-heading-title elementor-size-default\">Wo Strom, <br>Form annimmt.\n<\/h2>\t\t\t\t<\/div>\n\t\t\t\t<div class=\"elementor-element elementor-element-1e5bd38 elementor-widget elementor-widget-heading\" data-id=\"1e5bd38\" data-element_type=\"widget\" data-e-type=\"widget\" data-widget_type=\"heading.default\">\n\t\t\t\t\t<h1 class=\"elementor-heading-title elementor-size-default\">Elektroblechfertigung f\u00fcr Rotor- und Statorpakete.<\/h1>\t\t\t\t<\/div>\n\t\t<div class=\"elementor-element elementor-element-bef4241 e-con-full e-flex e-con e-child\" data-id=\"bef4241\" data-element_type=\"container\" data-e-type=\"container\" data-settings=\"{&quot;_ha_eqh_enable&quot;:false}\">\n\t\t\t\t<div class=\"elementor-element elementor-element-46c3f7c elevate-btn elementor-widget elementor-widget-button\" data-id=\"46c3f7c\" data-element_type=\"widget\" data-e-type=\"widget\" data-widget_type=\"button.default\">\n\t\t\t\t\t\t\t\t\t\t<a class=\"elementor-button elementor-button-link elementor-size-sm\" href=\"#mehrerfahren\">\n\t\t\t\t\t\t<span class=\"elementor-button-content-wrapper\">\n\t\t\t\t\t\t\t\t\t<span class=\"elementor-button-text\">erfahren sie mehr<\/span>\n\t\t\t\t\t<\/span>\n\t\t\t\t\t<\/a>\n\t\t\t\t\t\t\t\t<\/div>\n\t\t\t\t<div class=\"elementor-element elementor-element-7f1b210 elevate-btn elementor-widget elementor-widget-button\" data-id=\"7f1b210\" data-element_type=\"widget\" data-e-type=\"widget\" data-widget_type=\"button.default\">\n\t\t\t\t\t\t\t\t\t\t<a class=\"elementor-button elementor-button-link elementor-size-sm\" href=\"#projektanfrage\">\n\t\t\t\t\t\t<span class=\"elementor-button-content-wrapper\">\n\t\t\t\t\t\t\t\t\t<span class=\"elementor-button-text\">Projektanfrage<\/span>\n\t\t\t\t\t<\/span>\n\t\t\t\t\t<\/a>\n\t\t\t\t\t\t\t\t<\/div>\n\t\t\t\t<\/div>\n\t\t\t\t<\/div>\n\t\t\t\t<\/div>\n\t\t<div class=\"elementor-element elementor-element-0b68351 elementor-hidden-tablet elementor-hidden-mobile elementor-hidden-desktop elementor-hidden-laptop elementor-hidden-widescreen elementor-hidden-tablet_extra elementor-hidden-mobile_extra e-flex e-con-boxed e-con e-parent\" data-id=\"0b68351\" data-element_type=\"container\" data-e-type=\"container\" data-settings=\"{&quot;background_background&quot;:&quot;classic&quot;,&quot;_ha_eqh_enable&quot;:false}\">\n\t\t\t\t\t<div class=\"e-con-inner\">\n\t\t\t\t\t<\/div>\n\t\t\t\t<\/div>\n\t\t<div class=\"elementor-element elementor-element-73f3346 e-flex e-con-boxed e-con e-parent\" data-id=\"73f3346\" data-element_type=\"container\" data-e-type=\"container\" data-settings=\"{&quot;background_background&quot;:&quot;classic&quot;,&quot;_ha_eqh_enable&quot;:false}\">\n\t\t\t\t\t<div class=\"e-con-inner\">\n\t\t<div class=\"elementor-element elementor-element-ea35027 e-con-full e-flex e-con e-child\" data-id=\"ea35027\" data-element_type=\"container\" data-e-type=\"container\" data-settings=\"{&quot;_ha_eqh_enable&quot;:false}\">\n\t\t\t\t<div class=\"elementor-element elementor-element-cc62caa elementor-widget elementor-widget-heading\" data-id=\"cc62caa\" data-element_type=\"widget\" data-e-type=\"widget\" data-widget_type=\"heading.default\">\n\t\t\t\t\t<h2 class=\"elementor-heading-title elementor-size-default\">Effizienz trifft Prozesssicherheit<\/h2>\t\t\t\t<\/div>\n\t\t\t\t<div class=\"elementor-element elementor-element-7d8a20b elementor-widget elementor-widget-heading\" data-id=\"7d8a20b\" data-element_type=\"widget\" data-e-type=\"widget\" data-widget_type=\"heading.default\">\n\t\t\t\t\t<h3 class=\"elementor-heading-title elementor-size-default\">Wirtschaftlich, pr\u00e4zise, reproduzierbar.<\/h3>\t\t\t\t<\/div>\n\t\t\t\t<div class=\"elementor-element elementor-element-b73b000 elementor-widget elementor-widget-text-editor\" data-id=\"b73b000\" data-element_type=\"widget\" data-e-type=\"widget\" id=\"mehrerfahren\" data-widget_type=\"text-editor.default\">\n\t\t\t\t\t\t\t\t\t<p>Seit 2020 betreibt FIUKA ein eigenes Technologiezentrum f\u00fcr die Fertigung von Rotor- und Statorpaketen.<br \/>Mit modernsten Pressen, h\u00f6chster Pr\u00e4zision und einem klaren Fokus auf Prozesssicherheit entstehen hier Elektroblechpakete, die die Effizienz, Laufruhe und Lebensdauer elektrischer Antriebe entscheidend verbessern.<\/p><p>Ob f\u00fcr Elektromobilit\u00e4t, Hybridantriebe oder industrielle Anwendungen: Unsere Elektroblechfertigung liefert Bauteile, die Ma\u00dfst\u00e4be setzen \u2013 von der Einzellamelle bis zum komplexen Blechpaket.<\/p>\t\t\t\t\t\t\t\t<\/div>\n\t\t\t\t<\/div>\n\t\t\t\t\t<\/div>\n\t\t\t\t<\/div>\n\t\t<div class=\"elementor-element elementor-element-91a4544 e-flex e-con-boxed e-con e-parent\" data-id=\"91a4544\" data-element_type=\"container\" data-e-type=\"container\" data-settings=\"{&quot;_ha_eqh_enable&quot;:false}\">\n\t\t\t\t\t<div class=\"e-con-inner\">\n\t\t<div class=\"elementor-element elementor-element-81e2ea2 e-con-full e-flex e-con e-child\" data-id=\"81e2ea2\" data-element_type=\"container\" data-e-type=\"container\" data-settings=\"{&quot;background_background&quot;:&quot;classic&quot;,&quot;_ha_eqh_enable&quot;:false}\">\n\t\t\t\t<div class=\"elementor-element elementor-element-f16949c elementor-widget elementor-widget-heading\" data-id=\"f16949c\" data-element_type=\"widget\" data-e-type=\"widget\" data-widget_type=\"heading.default\">\n\t\t\t\t\t<h2 class=\"elementor-heading-title elementor-size-default\">Pr\u00e4zision auf ganzer Linie<\/h2>\t\t\t\t<\/div>\n\t\t\t\t<div class=\"elementor-element elementor-element-188142d elementor-widget elementor-widget-heading\" data-id=\"188142d\" data-element_type=\"widget\" data-e-type=\"widget\" data-widget_type=\"heading.default\">\n\t\t\t\t\t<h3 class=\"elementor-heading-title elementor-size-default\">effiziente Mehrstufenprozesse<\/h3>\t\t\t\t<\/div>\n\t\t\t\t<div class=\"elementor-element elementor-element-48a1494 elementor-widget elementor-widget-text-editor\" data-id=\"48a1494\" data-element_type=\"widget\" data-e-type=\"widget\" data-widget_type=\"text-editor.default\">\n\t\t\t\t\t\t\t\t\t<p>Unsere hochmodernen Anlagen sind auf die Herstellung komplexer Rotor- und Statorpakete ausgelegt. Mit einer Presskraft von 310 Tonnen und einem Werkzeug-Einbauraum von 3.700 mm bieten sie die ideale Grundlage f\u00fcr pr\u00e4zise und wirtschaftliche Prozesse.<\/p><p>Die Kombination aus Kraft und Raum erm\u00f6glicht nicht nur die Fertigung anspruchsvoller Bauteile, sondern auch eine materialsparende Mehrreihenproduktion.<\/p>\t\t\t\t\t\t\t\t<\/div>\n\t\t\t\t<div class=\"elementor-element elementor-element-ea45817 elementor-widget elementor-widget-text-editor\" data-id=\"ea45817\" data-element_type=\"widget\" data-e-type=\"widget\" data-widget_type=\"text-editor.default\">\n\t\t\t\t\t\t\t\t\t<p>Unsere Elektroblechfertigung bietet:<\/p>\t\t\t\t\t\t\t\t<\/div>\n\t\t\t\t<div class=\"elementor-element elementor-element-f92de2b rautenliste elementor-widget elementor-widget-text-editor\" data-id=\"f92de2b\" data-element_type=\"widget\" data-e-type=\"widget\" data-widget_type=\"text-editor.default\">\n\t\t\t\t\t\t\t\t\t<ul><li><strong>Materialkompetenz<\/strong>: Elektrobleche ab einer Materialst\u00e4rke von 0,15 mm<\/li><li><p class=\"p2\"><strong>Verbindungstechniken<\/strong>: F\u00fcgen \u00fcber Backblack, Stanzpaketieren oder Laserschwei\u00dfen<\/p><\/li><li><p class=\"p2\"><strong>Prozesssicherheit<\/strong>: Minimale Toleranzen \u00fcber die gesamte Prozesskette<\/p><\/li><li><p class=\"p2\"><strong>Skalierbarkeit<\/strong>: Serienfertigung von Klein- bis Gro\u00dfserie, von der Einzelblechfertigung bis zum fertigen Paket<\/p><\/li><\/ul>\t\t\t\t\t\t\t\t<\/div>\n\t\t\t\t<div class=\"elementor-element elementor-element-7bdf4c1 elementor-widget elementor-widget-text-editor\" data-id=\"7bdf4c1\" data-element_type=\"widget\" data-e-type=\"widget\" data-widget_type=\"text-editor.default\">\n\t\t\t\t\t\t\t\t\t<p>Effizienz f\u00fcr anspruchsvolle Anwendungen<\/p>\t\t\t\t\t\t\t\t<\/div>\n\t\t\t\t<div class=\"elementor-element elementor-element-75e35a2 elementor-widget elementor-widget-text-editor\" data-id=\"75e35a2\" data-element_type=\"widget\" data-e-type=\"widget\" data-widget_type=\"text-editor.default\">\n\t\t\t\t\t\t\t\t\t<p>Wir fertigen kundenspezifische Komponenten fu\u0308r Elektromobilit\u00e4t, Antriebstechnik, Industrie- und Energietechnik. Unsere Pr\u00e4zisionsbauteile unterstu\u0308tzen Energieeffizienz, Laufruhe und Lebensdauer komplexer Systeme \u2013 umgesetzt nach den Ideen und Spezifikationen unserer Kunden.<\/p>\t\t\t\t\t\t\t\t<\/div>\n\t\t\t\t<\/div>\n\t\t<div class=\"elementor-element elementor-element-aecedd7 e-con-full e-flex e-con e-child\" data-id=\"aecedd7\" data-element_type=\"container\" data-e-type=\"container\" data-settings=\"{&quot;background_background&quot;:&quot;classic&quot;,&quot;_ha_eqh_enable&quot;:false}\">\n\t\t\t\t<\/div>\n\t\t<div class=\"elementor-element elementor-element-2a5e06f e-con-full e-flex e-con e-child\" data-id=\"2a5e06f\" data-element_type=\"container\" data-e-type=\"container\" data-settings=\"{&quot;background_background&quot;:&quot;classic&quot;,&quot;_ha_eqh_enable&quot;:false}\">\n\t\t\t\t<\/div>\n\t\t<div class=\"elementor-element elementor-element-b82f0c7 e-con-full e-flex e-con e-child\" data-id=\"b82f0c7\" data-element_type=\"container\" data-e-type=\"container\" data-settings=\"{&quot;background_background&quot;:&quot;classic&quot;,&quot;_ha_eqh_enable&quot;:false}\">\n\t\t\t\t<div class=\"elementor-element elementor-element-a156406 elementor-widget elementor-widget-heading\" data-id=\"a156406\" data-element_type=\"widget\" data-e-type=\"widget\" data-widget_type=\"heading.default\">\n\t\t\t\t\t<h2 class=\"elementor-heading-title elementor-size-default\">VON KLEIN- BIS GRO\u00dfSERIEN<\/h2>\t\t\t\t<\/div>\n\t\t\t\t<div class=\"elementor-element elementor-element-06d9fc3 elementor-widget elementor-widget-heading\" data-id=\"06d9fc3\" data-element_type=\"widget\" data-e-type=\"widget\" data-widget_type=\"heading.default\">\n\t\t\t\t\t<h3 class=\"elementor-heading-title elementor-size-default\">Skalierbarkeit als Standard<\/h3>\t\t\t\t<\/div>\n\t\t\t\t<div class=\"elementor-element elementor-element-e137088 elementor-widget elementor-widget-text-editor\" data-id=\"e137088\" data-element_type=\"widget\" data-e-type=\"widget\" data-widget_type=\"text-editor.default\">\n\t\t\t\t\t\t\t\t\t<p>Unsere Technologie ist flexibel skalierbar \u2013 ob f\u00fcr erste Prototypen, Kleinserien oder hohe St\u00fcckzahlen in der Serienfertigung. Dank modularer Anlagen und variabler Werkzeugsysteme lassen sich Projekte jeder Gr\u00f6\u00dfenordnung wirtschaftlich realisieren.<\/p><p>So bieten wir unseren Kunden die Sicherheit, dass Bauteile schnell, flexibel und in konstant hoher Qualit\u00e4t verf\u00fcgbar sind.\u00a0<\/p>\t\t\t\t\t\t\t\t<\/div>\n\t\t\t\t<div class=\"elementor-element elementor-element-251dddc elementor-widget elementor-widget-text-editor\" data-id=\"251dddc\" data-element_type=\"widget\" data-e-type=\"widget\" data-widget_type=\"text-editor.default\">\n\t\t\t\t\t\t\t\t\t<p>Ihre Vorteile mit FIUKA<\/p>\t\t\t\t\t\t\t\t<\/div>\n\t\t\t\t<div class=\"elementor-element elementor-element-a522e28 rautenliste elementor-widget elementor-widget-text-editor\" data-id=\"a522e28\" data-element_type=\"widget\" data-e-type=\"widget\" data-widget_type=\"text-editor.default\">\n\t\t\t\t\t\t\t\t\t<ul><li>Moderne Anlagentechnik<\/li><li>Individuelle Anpassung bei der Auswahl der Verbindungstechniken und Nachfolgearbeitsg\u00e4nge<\/li><li>Flexibilit\u00e4t in Materialwahl und Fertigungstechnologien<\/li><li>Dokumentierte Qualit\u00e4tssicherung nach internationalen Standards<\/li><li>Kostenvorteile durch Mehrreihenproduktion bei pr\u00e4ziser Prozessfu\u0308hrung<\/li><\/ul>\t\t\t\t\t\t\t\t<\/div>\n\t\t\t\t<\/div>\n\t\t\t\t\t<\/div>\n\t\t\t\t<\/div>\n\t\t<div class=\"elementor-element elementor-element-af5c55a e-flex e-con-boxed e-con e-parent\" data-id=\"af5c55a\" data-element_type=\"container\" data-e-type=\"container\" id=\"projektanfrage\" data-settings=\"{&quot;background_background&quot;:&quot;classic&quot;,&quot;_ha_eqh_enable&quot;:false}\">\n\t\t\t\t\t<div class=\"e-con-inner\">\n\t\t<div class=\"elementor-element elementor-element-7e6dff4 e-con-full e-flex e-con e-child\" data-id=\"7e6dff4\" data-element_type=\"container\" data-e-type=\"container\" data-settings=\"{&quot;_ha_eqh_enable&quot;:false}\">\n\t\t\t\t<div class=\"elementor-element elementor-element-ebd1387 elementor-widget elementor-widget-heading\" data-id=\"ebd1387\" data-element_type=\"widget\" data-e-type=\"widget\" data-widget_type=\"heading.default\">\n\t\t\t\t\t<h2 class=\"elementor-heading-title elementor-size-default\">Ihr direkter Draht zu uns<\/h2>\t\t\t\t<\/div>\n\t\t\t\t<div class=\"elementor-element elementor-element-674fb9e elementor-widget elementor-widget-heading\" data-id=\"674fb9e\" data-element_type=\"widget\" data-e-type=\"widget\" data-widget_type=\"heading.default\">\n\t\t\t\t\t<h3 class=\"elementor-heading-title elementor-size-default\">SCHNELL, UNKOMPLIZIERT &amp; PERS\u00d6NLICH<\/h3>\t\t\t\t<\/div>\n\t\t\t\t<\/div>\n\t\t<div class=\"elementor-element elementor-element-31544f7 e-con-full e-flex e-con e-child\" data-id=\"31544f7\" data-element_type=\"container\" data-e-type=\"container\" data-settings=\"{&quot;background_background&quot;:&quot;classic&quot;,&quot;_ha_eqh_enable&quot;:false}\">\n\t\t<div class=\"elementor-element elementor-element-d6168f0 e-con-full e-flex e-con e-child\" data-id=\"d6168f0\" data-element_type=\"container\" data-e-type=\"container\" data-settings=\"{&quot;background_background&quot;:&quot;classic&quot;,&quot;_ha_eqh_enable&quot;:false}\">\n\t\t\t\t<div class=\"elementor-element elementor-element-1bfe83f elementor-button-align-center elementor-widget__width-initial elementor-widget elementor-widget-form\" data-id=\"1bfe83f\" data-element_type=\"widget\" data-e-type=\"widget\" data-settings=\"{&quot;step_next_label&quot;:&quot;N\\u00e4chster&quot;,&quot;step_previous_label&quot;:&quot;Voriger&quot;,&quot;button_width&quot;:&quot;100&quot;,&quot;step_type&quot;:&quot;number_text&quot;,&quot;step_icon_shape&quot;:&quot;circle&quot;}\" data-widget_type=\"form.default\">\n\t\t\t\t\t\t\t<form class=\"elementor-form\" method=\"post\" id=\"kontaktformular_abgastechnik\" name=\"Kontakt\" aria-label=\"Kontakt\">\n\t\t\t<input type=\"hidden\" name=\"post_id\" value=\"3584\"\/>\n\t\t\t<input type=\"hidden\" name=\"form_id\" value=\"1bfe83f\"\/>\n\t\t\t<input type=\"hidden\" name=\"referer_title\" value=\"\" \/>\n\n\t\t\t\n\t\t\t<div class=\"elementor-form-fields-wrapper elementor-labels-\">\n\t\t\t\t\t\t\t\t<div class=\"elementor-field-type-text elementor-field-group elementor-column elementor-field-group-unternehmen elementor-col-50 elementor-sm-50\">\n\t\t\t\t\t\t\t\t\t\t\t\t<label for=\"form-field-unternehmen\" class=\"elementor-field-label elementor-screen-only\">\n\t\t\t\t\t\t\t\tUnternehmen\t\t\t\t\t\t\t<\/label>\n\t\t\t\t\t\t\t\t\t\t\t\t\t\t<input size=\"1\" type=\"text\" name=\"form_fields[unternehmen]\" id=\"form-field-unternehmen\" class=\"elementor-field elementor-size-md  elementor-field-textual\" placeholder=\"Unternehmen*\">\n\t\t\t\t\t\t\t\t\t\t\t<\/div>\n\t\t\t\t\t\t\t\t<div class=\"elementor-field-type-text elementor-field-group elementor-column elementor-field-group-ansprechpartner elementor-col-50 elementor-sm-50 elementor-field-required\">\n\t\t\t\t\t\t\t\t\t\t\t\t<label for=\"form-field-ansprechpartner\" class=\"elementor-field-label elementor-screen-only\">\n\t\t\t\t\t\t\t\tAnsprechpartner\t\t\t\t\t\t\t<\/label>\n\t\t\t\t\t\t\t\t\t\t\t\t\t\t<input size=\"1\" type=\"text\" name=\"form_fields[ansprechpartner]\" id=\"form-field-ansprechpartner\" class=\"elementor-field elementor-size-md  elementor-field-textual\" placeholder=\"Ansprechpartner*\" required=\"required\">\n\t\t\t\t\t\t\t\t\t\t\t<\/div>\n\t\t\t\t\t\t\t\t<div class=\"elementor-field-type-email elementor-field-group elementor-column elementor-field-group-email elementor-col-50 elementor-sm-50 elementor-field-required\">\n\t\t\t\t\t\t\t\t\t\t\t\t<label for=\"form-field-email\" class=\"elementor-field-label elementor-screen-only\">\n\t\t\t\t\t\t\t\tE-Mail\t\t\t\t\t\t\t<\/label>\n\t\t\t\t\t\t\t\t\t\t\t\t\t\t<input size=\"1\" type=\"email\" name=\"form_fields[email]\" id=\"form-field-email\" class=\"elementor-field elementor-size-md  elementor-field-textual\" placeholder=\"E-Mail*\" required=\"required\">\n\t\t\t\t\t\t\t\t\t\t\t<\/div>\n\t\t\t\t\t\t\t\t<div class=\"elementor-field-type-tel elementor-field-group elementor-column elementor-field-group-telefon elementor-col-50 elementor-sm-50\">\n\t\t\t\t\t\t\t\t\t\t\t\t<label for=\"form-field-telefon\" class=\"elementor-field-label elementor-screen-only\">\n\t\t\t\t\t\t\t\tTelefon\t\t\t\t\t\t\t<\/label>\n\t\t\t\t\t\t\t\t<input size=\"1\" type=\"tel\" name=\"form_fields[telefon]\" id=\"form-field-telefon\" class=\"elementor-field elementor-size-md  elementor-field-textual\" placeholder=\"Telefon\" pattern=\"[0-9()#&amp;+*-=.]+\" title=\"Akceptowane s\u0105 jedynie cyfry i znaki telefoniczne (#,-,*).\">\n\n\t\t\t\t\t\t<\/div>\n\t\t\t\t\t\t\t\t<div class=\"elementor-field-type-textarea elementor-field-group elementor-column elementor-field-group-nachricht elementor-col-100\">\n\t\t\t\t\t\t\t\t\t\t\t\t<label for=\"form-field-nachricht\" class=\"elementor-field-label elementor-screen-only\">\n\t\t\t\t\t\t\t\tNachricht\t\t\t\t\t\t\t<\/label>\n\t\t\t\t\t\t<textarea class=\"elementor-field-textual elementor-field  elementor-size-md\" name=\"form_fields[nachricht]\" id=\"form-field-nachricht\" rows=\"4\" placeholder=\"Nachricht\"><\/textarea>\t\t\t\t<\/div>\n\t\t\t\t\t\t\t\t<div class=\"elementor-field-type-html elementor-field-group elementor-column elementor-field-group-field_3d59b69 elementor-col-100\">\n\t\t\t\t\t<p>Ihre Daten werden vertraulich behandelt. Weitere Informationen finden Sie in unserer <a href=\"https:\/\/www.fiuka.de\/datenschutz\" target=\"_blank\"><span style=\"color: #003D8D;font-weight: 500;\">Datenschutzerkl\u00e4rung<\/span><\/a>.<\/p> \n\t\t\t\t<\/div>\n\t\t\t\t\t\t\t\t<div class=\"elementor-field-type-acceptance elementor-field-group elementor-column elementor-field-group-datenschutzcheckbox elementor-col-100 elementor-field-required\">\n\t\t\t\t\t\t\t<div class=\"elementor-field-subgroup\">\n\t\t\t<span class=\"elementor-field-option\">\n\t\t\t\t<input type=\"checkbox\" name=\"form_fields[datenschutzcheckbox]\" id=\"form-field-datenschutzcheckbox\" class=\"elementor-field elementor-size-md  elementor-acceptance-field\" required=\"required\">\n\t\t\t\t<label for=\"form-field-datenschutzcheckbox\"><span style=\"font-size: 17px; font-weight: 500; \">\n  Ich habe die Datenschutzerkl\u00e4rung gelesen und akzeptiert*\n<\/span><\/label>\t\t\t<\/span>\n\t\t<\/div>\n\t\t\t\t\t\t<\/div>\n\t\t\t\t\t\t\t\t<div class=\"elementor-field-type-hcaptcha elementor-field-group elementor-column elementor-field-group-field_161d688 elementor-col-100\">\n\t\t\t\t\t\t\t\t\t<\/div>\n\t\t\t\t\t\t\t\t<div class=\"elementor-field-group elementor-column elementor-field-type-submit elementor-col-100 e-form__buttons\">\n\t\t\t\t\t<button class=\"elementor-button elementor-size-md\" type=\"submit\">\n\t\t\t\t\t\t<span class=\"elementor-button-content-wrapper\">\n\t\t\t\t\t\t\t\t\t\t\t\t\t\t\t\t\t\t\t\t\t\t<span class=\"elementor-button-text\">Anfrage absenden<\/span>\n\t\t\t\t\t\t\t\t\t\t\t\t\t<\/span>\n\t\t\t\t\t<\/button>\n\t\t\t\t<\/div>\n\t\t\t<\/div>\n\t\t<\/form>\n\t\t\t\t\t\t<\/div>\n\t\t\t\t<\/div>\n\t\t\t\t<\/div>\n\t\t\t\t\t<\/div>\n\t\t\t\t<\/div>\n\t\t\t\t<\/div>\n\t\t","protected":false},"excerpt":{"rendered":"<p>Wo Strom, Form annimmt. Elektroblechfertigung f\u00fcr Rotor- und Statorpakete. erfahren sie mehr Projektanfrage Wo Strom, Form annimmt. Elektroblechfertigung f\u00fcr Rotor- und Statorpakete. erfahren sie mehr Projektanfrage Effizienz trifft Prozesssicherheit Wirtschaftlich, pr\u00e4zise, reproduzierbar. Seit 2020 betreibt FIUKA ein eigenes Technologiezentrum f\u00fcr die Fertigung von Rotor- und Statorpaketen.Mit modernsten Pressen, h\u00f6chster Pr\u00e4zision und einem klaren Fokus auf [&hellip;]<\/p>\n","protected":false},"author":1,"featured_media":0,"parent":8461,"menu_order":0,"comment_status":"closed","ping_status":"closed","template":"elementor_header_footer","meta":{"_acf_changed":false,"footnotes":""},"class_list":["post-3584","page","type-page","status-publish","hentry"],"acf":[],"_links":{"self":[{"href":"https:\/\/www.fiuka.de\/pl\/wp-json\/wp\/v2\/pages\/3584","targetHints":{"allow":["GET"]}}],"collection":[{"href":"https:\/\/www.fiuka.de\/pl\/wp-json\/wp\/v2\/pages"}],"about":[{"href":"https:\/\/www.fiuka.de\/pl\/wp-json\/wp\/v2\/types\/page"}],"author":[{"embeddable":true,"href":"https:\/\/www.fiuka.de\/pl\/wp-json\/wp\/v2\/users\/1"}],"replies":[{"embeddable":true,"href":"https:\/\/www.fiuka.de\/pl\/wp-json\/wp\/v2\/comments?post=3584"}],"version-history":[{"count":0,"href":"https:\/\/www.fiuka.de\/pl\/wp-json\/wp\/v2\/pages\/3584\/revisions"}],"up":[{"embeddable":true,"href":"https:\/\/www.fiuka.de\/pl\/wp-json\/wp\/v2\/pages\/8461"}],"wp:attachment":[{"href":"https:\/\/www.fiuka.de\/pl\/wp-json\/wp\/v2\/media?parent=3584"}],"curies":[{"name":"wp","href":"https:\/\/api.w.org\/{rel}","templated":true}]}}