{"id":829,"date":"2025-09-13T22:02:36","date_gmt":"2025-09-13T20:02:36","guid":{"rendered":"https:\/\/fiuka.cremermedia.de\/?page_id=829"},"modified":"2026-01-14T17:04:28","modified_gmt":"2026-01-14T16:04:28","slug":"rollieren-spinning","status":"publish","type":"page","link":"https:\/\/www.fiuka.de\/fr\/technologien\/rollieren-spinning\/","title":{"rendered":"Rouler (spinning)"},"content":{"rendered":"\t\t<div data-elementor-type=\"wp-page\" data-elementor-id=\"829\" class=\"elementor elementor-829\" data-elementor-settings=\"{&quot;ha_cmc_init_switcher&quot;:&quot;no&quot;}\" data-elementor-post-type=\"page\">\n\t\t\t\t<div class=\"elementor-element elementor-element-efa9f23 elementor-hidden-tablet elementor-hidden-mobile elementor-hidden-tablet_extra elementor-hidden-mobile_extra e-flex e-con-boxed e-con e-parent\" data-id=\"efa9f23\" data-element_type=\"container\" data-e-type=\"container\" data-settings=\"{&quot;background_background&quot;:&quot;classic&quot;,&quot;_ha_eqh_enable&quot;:false}\">\n\t\t\t\t\t<div class=\"e-con-inner\">\n\t\t<div class=\"elementor-element elementor-element-60ca014 e-con-full .progressive-blur-left-to-right e-flex e-con e-child\" data-id=\"60ca014\" data-element_type=\"container\" data-e-type=\"container\" data-settings=\"{&quot;_ha_eqh_enable&quot;:false}\">\n\t\t\t\t<div class=\"elementor-element elementor-element-48878b8 elementor-widget elementor-widget-heading\" data-id=\"48878b8\" data-element_type=\"widget\" data-e-type=\"widget\" data-widget_type=\"heading.default\">\n\t\t\t\t\t<h2 class=\"elementor-heading-title elementor-size-default\">Bauteile, <br>mit Profil.<\/h2>\t\t\t\t<\/div>\n\t\t\t\t<div class=\"elementor-element elementor-element-9e84936 elementor-widget elementor-widget-heading\" data-id=\"9e84936\" data-element_type=\"widget\" data-e-type=\"widget\" data-widget_type=\"heading.default\">\n\t\t\t\t\t<h1 class=\"elementor-heading-title elementor-size-default\">ROLLIEREN AUF H\u00d6CHSTEM NIVEAU.<\/h1>\t\t\t\t<\/div>\n\t\t<div class=\"elementor-element elementor-element-eecce27 e-con-full e-flex e-con e-child\" data-id=\"eecce27\" data-element_type=\"container\" data-e-type=\"container\" data-settings=\"{&quot;_ha_eqh_enable&quot;:false}\">\n\t\t<div class=\"elementor-element elementor-element-b72b098 e-con-full e-flex e-con e-child\" data-id=\"b72b098\" data-element_type=\"container\" data-e-type=\"container\" data-settings=\"{&quot;_ha_eqh_enable&quot;:false}\">\n\t\t\t\t<div class=\"elementor-element elementor-element-e3ed3f7 elevate-btn elementor-widget elementor-widget-button\" data-id=\"e3ed3f7\" data-element_type=\"widget\" data-e-type=\"widget\" data-widget_type=\"button.default\">\n\t\t\t\t\t\t\t\t\t\t<a class=\"elementor-button elementor-button-link elementor-size-sm\" href=\"#mehrerfahren\">\n\t\t\t\t\t\t<span class=\"elementor-button-content-wrapper\">\n\t\t\t\t\t\t\t\t\t<span class=\"elementor-button-text\">erfahren sie mehr<\/span>\n\t\t\t\t\t<\/span>\n\t\t\t\t\t<\/a>\n\t\t\t\t\t\t\t\t<\/div>\n\t\t\t\t<div class=\"elementor-element elementor-element-bbc52bd elevate-btn elementor-widget elementor-widget-button\" data-id=\"bbc52bd\" data-element_type=\"widget\" data-e-type=\"widget\" data-widget_type=\"button.default\">\n\t\t\t\t\t\t\t\t\t\t<a class=\"elementor-button elementor-button-link elementor-size-sm\" href=\"#projektanfrage\">\n\t\t\t\t\t\t<span class=\"elementor-button-content-wrapper\">\n\t\t\t\t\t\t\t\t\t<span class=\"elementor-button-text\">Projektanfrage<\/span>\n\t\t\t\t\t<\/span>\n\t\t\t\t\t<\/a>\n\t\t\t\t\t\t\t\t<\/div>\n\t\t\t\t<\/div>\n\t\t\t\t<\/div>\n\t\t\t\t<\/div>\n\t\t\t\t\t<\/div>\n\t\t\t\t<\/div>\n\t\t<div class=\"elementor-element elementor-element-dbf7b68 elementor-hidden-desktop elementor-hidden-laptop e-con-full elementor-hidden-widescreen e-flex e-con e-parent\" data-id=\"dbf7b68\" data-element_type=\"container\" data-e-type=\"container\" data-settings=\"{&quot;background_background&quot;:&quot;classic&quot;,&quot;_ha_eqh_enable&quot;:false}\">\n\t\t<div class=\"elementor-element elementor-element-9996e4c e-con-full e-flex e-con e-child\" data-id=\"9996e4c\" data-element_type=\"container\" data-e-type=\"container\" data-settings=\"{&quot;_ha_eqh_enable&quot;:false}\">\n\t\t\t\t<div class=\"elementor-element elementor-element-719cc46 elementor-widget elementor-widget-heading\" data-id=\"719cc46\" data-element_type=\"widget\" data-e-type=\"widget\" data-widget_type=\"heading.default\">\n\t\t\t\t\t<h2 class=\"elementor-heading-title elementor-size-default\">Wenn Pr\u00e4zision <br>zusammenschwei\u00dft.<\/h2>\t\t\t\t<\/div>\n\t\t\t\t<div class=\"elementor-element elementor-element-9bf30ce elementor-widget elementor-widget-heading\" data-id=\"9bf30ce\" data-element_type=\"widget\" data-e-type=\"widget\" data-widget_type=\"heading.default\">\n\t\t\t\t\t<h1 class=\"elementor-heading-title elementor-size-default\">F\u00fcgetechnik f\u00fcr jede Anforderung.<\/h1>\t\t\t\t<\/div>\n\t\t<div class=\"elementor-element elementor-element-7abad72 e-con-full e-flex e-con e-child\" data-id=\"7abad72\" data-element_type=\"container\" data-e-type=\"container\" data-settings=\"{&quot;_ha_eqh_enable&quot;:false}\">\n\t\t\t\t<div class=\"elementor-element elementor-element-d8ea9c7 elevate-btn elementor-widget elementor-widget-button\" data-id=\"d8ea9c7\" data-element_type=\"widget\" data-e-type=\"widget\" data-widget_type=\"button.default\">\n\t\t\t\t\t\t\t\t\t\t<a class=\"elementor-button elementor-button-link elementor-size-sm\" href=\"#mehrerfahren\">\n\t\t\t\t\t\t<span class=\"elementor-button-content-wrapper\">\n\t\t\t\t\t\t\t\t\t<span class=\"elementor-button-text\">erfahren sie mehr<\/span>\n\t\t\t\t\t<\/span>\n\t\t\t\t\t<\/a>\n\t\t\t\t\t\t\t\t<\/div>\n\t\t\t\t<div class=\"elementor-element elementor-element-079c874 elevate-btn elementor-widget elementor-widget-button\" data-id=\"079c874\" data-element_type=\"widget\" data-e-type=\"widget\" data-widget_type=\"button.default\">\n\t\t\t\t\t\t\t\t\t\t<a class=\"elementor-button elementor-button-link elementor-size-sm\" href=\"#projektanfrage\">\n\t\t\t\t\t\t<span class=\"elementor-button-content-wrapper\">\n\t\t\t\t\t\t\t\t\t<span class=\"elementor-button-text\">Projektanfrage<\/span>\n\t\t\t\t\t<\/span>\n\t\t\t\t\t<\/a>\n\t\t\t\t\t\t\t\t<\/div>\n\t\t\t\t<\/div>\n\t\t\t\t<\/div>\n\t\t\t\t<\/div>\n\t\t<div class=\"elementor-element elementor-element-7cf2cf7 e-flex e-con-boxed e-con e-parent\" data-id=\"7cf2cf7\" data-element_type=\"container\" data-e-type=\"container\" id=\"mehrerfahren\" data-settings=\"{&quot;background_background&quot;:&quot;classic&quot;,&quot;_ha_eqh_enable&quot;:false}\">\n\t\t\t\t\t<div class=\"e-con-inner\">\n\t\t<div class=\"elementor-element elementor-element-acb900e e-con-full e-flex e-con e-child\" data-id=\"acb900e\" data-element_type=\"container\" data-e-type=\"container\" data-settings=\"{&quot;_ha_eqh_enable&quot;:false}\">\n\t\t\t\t<div class=\"elementor-element elementor-element-da53e41 elementor-widget elementor-widget-heading\" data-id=\"da53e41\" data-element_type=\"widget\" data-e-type=\"widget\" data-widget_type=\"heading.default\">\n\t\t\t\t\t<h2 class=\"elementor-heading-title elementor-size-default\">ROLLIERen AUF DEN PUNKT GEBRACHT<\/h2>\t\t\t\t<\/div>\n\t\t\t\t<div class=\"elementor-element elementor-element-a182afa elementor-widget elementor-widget-heading\" data-id=\"a182afa\" data-element_type=\"widget\" data-e-type=\"widget\" data-widget_type=\"heading.default\">\n\t\t\t\t\t<h3 class=\"elementor-heading-title elementor-size-default\">ROLLIERen AUF DEN PUNKT GEBRACHT<\/h3>\t\t\t\t<\/div>\n\t\t\t\t<div class=\"elementor-element elementor-element-30cd0e9 elementor-widget elementor-widget-text-editor\" data-id=\"30cd0e9\" data-element_type=\"widget\" data-e-type=\"widget\" data-widget_type=\"text-editor.default\">\n\t\t\t\t\t\t\t\t\t<p>Besonders in der Automobilindustrie, aber auch in weiteren Industriezweigen, spielt das Rollieren seine St\u00e4rken aus. Ob im elektrifizierten Antriebsstrang, im konventionellen Getriebe oder in Riemenantrieben: Das Verfahren er\u00f6ffnet M\u00f6glichkeiten, die mit klassischen Fertigungsmethoden nur mit hohem Aufwand oder gar nicht realisierbar w\u00e4ren.<\/p><p>Rollieren ist eine Schl\u00fcsseltechnologie f\u00fcr Bauteile mit rotationssymmetrischen Formen, bei der Stabilit\u00e4t, Ma\u00dftreue und Oberfl\u00e4chenqualit\u00e4t im Mittelpunkt stehen. Bei FIUKA setzen wir auf effiziente, spanlose Verfahren, mit denen wir Komponenten herstellen, die h\u00f6chste Anforderungen erf\u00fcllen.<\/p><p>Durch die Kombination mit unseren in-house gefertigten Tiefziehrohlingen k\u00f6nnen wir den gesamten Prozess \u2013 von der Rohteilherstellung \u00fcber das Rollieren bis hin zur finalen Zerspanung \u2013 aus einer Hand anbieten. Das sichert nicht nur eine gleichbleibend hohe Qualit\u00e4t, sondern verschafft unseren Kunden auch einen entscheidenden Kostenvorteil durch weniger Prozessschritte und eine bessere Materialausnutzung.<\/p>\t\t\t\t\t\t\t\t<\/div>\n\t\t\t\t<\/div>\n\t\t\t\t\t<\/div>\n\t\t\t\t<\/div>\n\t\t<div class=\"elementor-element elementor-element-1926e89 e-flex e-con-boxed e-con e-parent\" data-id=\"1926e89\" data-element_type=\"container\" data-e-type=\"container\" data-settings=\"{&quot;_ha_eqh_enable&quot;:false}\">\n\t\t\t\t\t<div class=\"e-con-inner\">\n\t\t<div class=\"elementor-element elementor-element-b0ee163 e-con-full e-flex e-con e-child\" data-id=\"b0ee163\" data-element_type=\"container\" data-e-type=\"container\" data-settings=\"{&quot;background_background&quot;:&quot;classic&quot;,&quot;_ha_eqh_enable&quot;:false}\">\n\t\t\t\t<div class=\"elementor-element elementor-element-04d7355 elementor-widget elementor-widget-heading\" data-id=\"04d7355\" data-element_type=\"widget\" data-e-type=\"widget\" data-widget_type=\"heading.default\">\n\t\t\t\t\t<h2 class=\"elementor-heading-title elementor-size-default\">PROZESSKETTE AUS EINER HAND<\/h2>\t\t\t\t<\/div>\n\t\t\t\t<div class=\"elementor-element elementor-element-7f71219 elementor-widget elementor-widget-heading\" data-id=\"7f71219\" data-element_type=\"widget\" data-e-type=\"widget\" data-widget_type=\"heading.default\">\n\t\t\t\t\t<h3 class=\"elementor-heading-title elementor-size-default\">Vielf\u00e4ltig einsetzbar &amp; Pr\u00e4zise gefertigt<\/h3>\t\t\t\t<\/div>\n\t\t\t\t<div class=\"elementor-element elementor-element-02bd4af elementor-widget elementor-widget-text-editor\" data-id=\"02bd4af\" data-element_type=\"widget\" data-e-type=\"widget\" data-widget_type=\"text-editor.default\">\n\t\t\t\t\t\t\t\t\t<p style=\"text-align: left;\">Exakte Konturen, definierte Wanddicken und perfekte Oberfl\u00e4chen bilden die Grundlage f\u00fcr sicherheits- und funktionsrelevante Systeme.<\/p><p>Beim Rollieren bleibt das Material erhalten und wird umgeformt. Das f\u00fchrt zu Kaltverfestigung in den beanspruchten Bereichen \u2013 ein Plus an Festigkeit und Dauerhaltbarkeit.<\/p>\t\t\t\t\t\t\t\t<\/div>\n\t\t\t\t<div class=\"elementor-element elementor-element-07324db elementor-widget elementor-widget-heading\" data-id=\"07324db\" data-element_type=\"widget\" data-e-type=\"widget\" data-widget_type=\"heading.default\">\n\t\t\t\t\t<h3 class=\"elementor-heading-title elementor-size-default\">\u00dcbersicht der Vorteile<\/h3>\t\t\t\t<\/div>\n\t\t\t\t<div class=\"elementor-element elementor-element-146c3d9 rautenliste elementor-widget elementor-widget-text-editor\" data-id=\"146c3d9\" data-element_type=\"widget\" data-e-type=\"widget\" data-widget_type=\"text-editor.default\">\n\t\t\t\t\t\t\t\t\t<ul><li>Hohe Kosteneffizienz durch bessere Materialausnutzung und weniger Prozessschritte<\/li><li>Kaltverfestigung f\u00fcr h\u00f6here Festigkeit und Standzeit der Bauteile<\/li><li>Komplexe Geometrien und unterschiedliche Wandst\u00e4rken in einem Teil realisierbar<\/li><li>Erstklassige Oberfl\u00e4chen und exakte Profile (z. B. Poly-V, Dichtungsnuten)<\/li><li>Durchg\u00e4ngige Prozesskette aus einer Hand \u2013 vom Tiefziehrohling\u00a0 \u00a0 \u00a0 bis zur Endkontrolle<\/li><\/ul>\t\t\t\t\t\t\t\t<\/div>\n\t\t\t\t<\/div>\n\t\t<div class=\"elementor-element elementor-element-33966a4 e-con-full e-flex e-con e-child\" data-id=\"33966a4\" data-element_type=\"container\" data-e-type=\"container\" data-settings=\"{&quot;background_background&quot;:&quot;classic&quot;,&quot;_ha_eqh_enable&quot;:false}\">\n\t\t\t\t<\/div>\n\t\t<div class=\"elementor-element elementor-element-d19debe e-con-full e-flex e-con e-child\" data-id=\"d19debe\" data-element_type=\"container\" data-e-type=\"container\" data-settings=\"{&quot;background_background&quot;:&quot;classic&quot;,&quot;_ha_eqh_enable&quot;:false}\">\n\t\t\t\t<\/div>\n\t\t<div class=\"elementor-element elementor-element-8c1196d e-con-full e-flex e-con e-child\" data-id=\"8c1196d\" data-element_type=\"container\" data-e-type=\"container\" data-settings=\"{&quot;background_background&quot;:&quot;classic&quot;,&quot;_ha_eqh_enable&quot;:false}\">\n\t\t\t\t<div class=\"elementor-element elementor-element-a5a85df elementor-widget elementor-widget-heading\" data-id=\"a5a85df\" data-element_type=\"widget\" data-e-type=\"widget\" data-widget_type=\"heading.default\">\n\t\t\t\t\t<h2 class=\"elementor-heading-title elementor-size-default\">WIRTSCHAFTLICHKEIT &amp; FUNKTION<\/h2>\t\t\t\t<\/div>\n\t\t\t\t<div class=\"elementor-element elementor-element-17d1ca7 elementor-widget elementor-widget-heading\" data-id=\"17d1ca7\" data-element_type=\"widget\" data-e-type=\"widget\" data-widget_type=\"heading.default\">\n\t\t\t\t\t<h3 class=\"elementor-heading-title elementor-size-default\">Design-to-Cost ohne Kompromisse.\n<\/h3>\t\t\t\t<\/div>\n\t\t\t\t<div class=\"elementor-element elementor-element-e81f9c0 elementor-widget elementor-widget-text-editor\" data-id=\"e81f9c0\" data-element_type=\"widget\" data-e-type=\"widget\" data-widget_type=\"text-editor.default\">\n\t\t\t\t\t\t\t\t\t<p>Auch in der Getriebetechnik zeigt das Verfahren seine St\u00e4rken. So k\u00f6nnen Kolben mit einer rollierten Nut gefertigt werden, in die sich kosteng\u00fcnstige Dichtringe sicher einsetzen lassen. Bei Riemenantrieben ersetzen rollierte Riemenscheiben aufwendige Gussvarianten und sorgen gleichzeitig f\u00fcr h\u00f6chste Pr\u00e4zision.\u00a0<\/p>\t\t\t\t\t\t\t\t<\/div>\n\t\t\t\t<div class=\"elementor-element elementor-element-3033969 elementor-widget elementor-widget-heading\" data-id=\"3033969\" data-element_type=\"widget\" data-e-type=\"widget\" data-widget_type=\"heading.default\">\n\t\t\t\t\t<h3 class=\"elementor-heading-title elementor-size-default\">Typische Komponenten im \u00dcberblicK<\/h3>\t\t\t\t<\/div>\n\t\t\t\t<div class=\"elementor-element elementor-element-3e49011 rautenliste elementor-widget elementor-widget-text-editor\" data-id=\"3e49011\" data-element_type=\"widget\" data-e-type=\"widget\" data-widget_type=\"text-editor.default\">\n\t\t\t\t\t\t\t\t\t<ul><li>Bauteile fu\u0308r Getriebe- und Antriebssysteme (Kolben, etc.)<\/li><li>Bauteile f\u00fcr Kupplungen und Lager, belastbar auch bei Dauerbetrieb<\/li><li>Riemenscheiben und Wuchtscheiben f\u00fcr vibrationsarmen Lauf im Antriebsstrang<\/li><li>Komponenten f\u00fcr Elektromotoren und Hybridantriebe<\/li><\/ul>\t\t\t\t\t\t\t\t<\/div>\n\t\t\t\t<\/div>\n\t\t\t\t\t<\/div>\n\t\t\t\t<\/div>\n\t\t<div class=\"elementor-element elementor-element-a9b6006 e-flex e-con-boxed e-con e-parent\" data-id=\"a9b6006\" data-element_type=\"container\" data-e-type=\"container\" id=\"projektanfrage\" data-settings=\"{&quot;background_background&quot;:&quot;classic&quot;,&quot;_ha_eqh_enable&quot;:false}\">\n\t\t\t\t\t<div class=\"e-con-inner\">\n\t\t<div class=\"elementor-element elementor-element-48445a9 e-con-full e-flex e-con e-child\" data-id=\"48445a9\" data-element_type=\"container\" data-e-type=\"container\" data-settings=\"{&quot;_ha_eqh_enable&quot;:false}\">\n\t\t\t\t<div class=\"elementor-element elementor-element-5e62ff7 elementor-widget elementor-widget-heading\" data-id=\"5e62ff7\" data-element_type=\"widget\" data-e-type=\"widget\" data-widget_type=\"heading.default\">\n\t\t\t\t\t<h2 class=\"elementor-heading-title elementor-size-default\">Ihr direkter Draht zu uns<\/h2>\t\t\t\t<\/div>\n\t\t\t\t<div class=\"elementor-element elementor-element-1f60201 elementor-widget elementor-widget-heading\" data-id=\"1f60201\" data-element_type=\"widget\" data-e-type=\"widget\" data-widget_type=\"heading.default\">\n\t\t\t\t\t<h3 class=\"elementor-heading-title elementor-size-default\">SCHNELL, UNKOMPLIZIERT &amp; PERS\u00d6NLICH<\/h3>\t\t\t\t<\/div>\n\t\t\t\t<\/div>\n\t\t<div class=\"elementor-element elementor-element-1e765ab e-con-full e-flex e-con e-child\" data-id=\"1e765ab\" data-element_type=\"container\" data-e-type=\"container\" data-settings=\"{&quot;background_background&quot;:&quot;classic&quot;,&quot;_ha_eqh_enable&quot;:false}\">\n\t\t<div class=\"elementor-element elementor-element-70dad2e e-con-full e-flex e-con e-child\" data-id=\"70dad2e\" data-element_type=\"container\" data-e-type=\"container\" data-settings=\"{&quot;background_background&quot;:&quot;classic&quot;,&quot;_ha_eqh_enable&quot;:false}\">\n\t\t\t\t<div class=\"elementor-element elementor-element-e362ed1 elementor-button-align-center elementor-widget__width-initial elementor-widget elementor-widget-form\" data-id=\"e362ed1\" data-element_type=\"widget\" data-e-type=\"widget\" data-settings=\"{&quot;step_next_label&quot;:&quot;N\\u00e4chster&quot;,&quot;step_previous_label&quot;:&quot;Voriger&quot;,&quot;button_width&quot;:&quot;100&quot;,&quot;step_type&quot;:&quot;number_text&quot;,&quot;step_icon_shape&quot;:&quot;circle&quot;}\" data-widget_type=\"form.default\">\n\t\t\t\t\t\t\t<form class=\"elementor-form\" method=\"post\" id=\"kontaktformular_abgastechnik\" name=\"Kontakt\" aria-label=\"Kontakt\">\n\t\t\t<input type=\"hidden\" name=\"post_id\" value=\"829\"\/>\n\t\t\t<input type=\"hidden\" name=\"form_id\" value=\"e362ed1\"\/>\n\t\t\t<input type=\"hidden\" name=\"referer_title\" value=\"Rollieren (Spinning) - FIUKA - Industrie. Neu geformt.\" \/>\n\n\t\t\t\t\t\t\t<input type=\"hidden\" name=\"queried_id\" value=\"829\"\/>\n\t\t\t\n\t\t\t<div class=\"elementor-form-fields-wrapper elementor-labels-\">\n\t\t\t\t\t\t\t\t<div class=\"elementor-field-type-text elementor-field-group elementor-column elementor-field-group-unternehmen elementor-col-50 elementor-sm-50\">\n\t\t\t\t\t\t\t\t\t\t\t\t<label for=\"form-field-unternehmen\" class=\"elementor-field-label elementor-screen-only\">\n\t\t\t\t\t\t\t\tUnternehmen\t\t\t\t\t\t\t<\/label>\n\t\t\t\t\t\t\t\t\t\t\t\t\t\t<input size=\"1\" type=\"text\" name=\"form_fields[unternehmen]\" id=\"form-field-unternehmen\" class=\"elementor-field elementor-size-md  elementor-field-textual\" placeholder=\"Unternehmen*\">\n\t\t\t\t\t\t\t\t\t\t\t<\/div>\n\t\t\t\t\t\t\t\t<div class=\"elementor-field-type-text elementor-field-group elementor-column elementor-field-group-ansprechpartner elementor-col-50 elementor-sm-50 elementor-field-required\">\n\t\t\t\t\t\t\t\t\t\t\t\t<label for=\"form-field-ansprechpartner\" class=\"elementor-field-label elementor-screen-only\">\n\t\t\t\t\t\t\t\tAnsprechpartner\t\t\t\t\t\t\t<\/label>\n\t\t\t\t\t\t\t\t\t\t\t\t\t\t<input size=\"1\" type=\"text\" name=\"form_fields[ansprechpartner]\" id=\"form-field-ansprechpartner\" class=\"elementor-field elementor-size-md  elementor-field-textual\" placeholder=\"Ansprechpartner*\" required=\"required\">\n\t\t\t\t\t\t\t\t\t\t\t<\/div>\n\t\t\t\t\t\t\t\t<div class=\"elementor-field-type-email elementor-field-group elementor-column elementor-field-group-email elementor-col-50 elementor-sm-50 elementor-field-required\">\n\t\t\t\t\t\t\t\t\t\t\t\t<label for=\"form-field-email\" class=\"elementor-field-label elementor-screen-only\">\n\t\t\t\t\t\t\t\tE-Mail\t\t\t\t\t\t\t<\/label>\n\t\t\t\t\t\t\t\t\t\t\t\t\t\t<input size=\"1\" type=\"email\" name=\"form_fields[email]\" id=\"form-field-email\" class=\"elementor-field elementor-size-md  elementor-field-textual\" placeholder=\"E-Mail*\" required=\"required\">\n\t\t\t\t\t\t\t\t\t\t\t<\/div>\n\t\t\t\t\t\t\t\t<div class=\"elementor-field-type-tel elementor-field-group elementor-column elementor-field-group-telefon elementor-col-50 elementor-sm-50\">\n\t\t\t\t\t\t\t\t\t\t\t\t<label for=\"form-field-telefon\" class=\"elementor-field-label elementor-screen-only\">\n\t\t\t\t\t\t\t\tTelefon\t\t\t\t\t\t\t<\/label>\n\t\t\t\t\t\t\t\t<input size=\"1\" type=\"tel\" name=\"form_fields[telefon]\" id=\"form-field-telefon\" class=\"elementor-field elementor-size-md  elementor-field-textual\" placeholder=\"Telefon\" pattern=\"[0-9()#&amp;+*-=.]+\" title=\"Nur Nummern oder Telefon-Zeichen (#, -, *, etc) werden akzeptiert.\">\n\n\t\t\t\t\t\t<\/div>\n\t\t\t\t\t\t\t\t<div class=\"elementor-field-type-textarea elementor-field-group elementor-column elementor-field-group-nachricht elementor-col-100\">\n\t\t\t\t\t\t\t\t\t\t\t\t<label for=\"form-field-nachricht\" class=\"elementor-field-label elementor-screen-only\">\n\t\t\t\t\t\t\t\tNachricht\t\t\t\t\t\t\t<\/label>\n\t\t\t\t\t\t<textarea class=\"elementor-field-textual elementor-field  elementor-size-md\" name=\"form_fields[nachricht]\" id=\"form-field-nachricht\" rows=\"4\" placeholder=\"Nachricht\"><\/textarea>\t\t\t\t<\/div>\n\t\t\t\t\t\t\t\t<div class=\"elementor-field-type-html elementor-field-group elementor-column elementor-field-group-field_3d59b69 elementor-col-100\">\n\t\t\t\t\t<p>Ihre Daten werden vertraulich behandelt. Weitere Informationen finden Sie in unserer <a href=\"https:\/\/www.fiuka.de\/datenschutz\" target=\"_blank\"><span style=\"color: #003D8D;font-weight: 500;\">Datenschutzerkl\u00e4rung<\/span><\/a>.<\/p> \n\t\t\t\t<\/div>\n\t\t\t\t\t\t\t\t<div class=\"elementor-field-type-acceptance elementor-field-group elementor-column elementor-field-group-datenschutzcheckbox elementor-col-100 elementor-field-required\">\n\t\t\t\t\t\t\t<div class=\"elementor-field-subgroup\">\n\t\t\t<span class=\"elementor-field-option\">\n\t\t\t\t<input type=\"checkbox\" name=\"form_fields[datenschutzcheckbox]\" id=\"form-field-datenschutzcheckbox\" class=\"elementor-field elementor-size-md  elementor-acceptance-field\" required=\"required\">\n\t\t\t\t<label for=\"form-field-datenschutzcheckbox\"><span style=\"font-size: 17px; font-weight: 500; \">\n  Ich habe die Datenschutzerkl\u00e4rung gelesen und akzeptiert*\n<\/span><\/label>\t\t\t<\/span>\n\t\t<\/div>\n\t\t\t\t\t\t<\/div>\n\t\t\t\t\t\t\t\t<div class=\"elementor-field-type-hcaptcha elementor-field-group elementor-column elementor-field-group-field_161d688 elementor-col-100\">\n\t\t\t\t\t\t\t\t\t<\/div>\n\t\t\t\t\t\t\t\t<div class=\"elementor-field-group elementor-column elementor-field-type-submit elementor-col-100 e-form__buttons\">\n\t\t\t\t\t<button class=\"elementor-button elementor-size-md\" type=\"submit\">\n\t\t\t\t\t\t<span class=\"elementor-button-content-wrapper\">\n\t\t\t\t\t\t\t\t\t\t\t\t\t\t\t\t\t\t\t\t\t\t<span class=\"elementor-button-text\">Anfrage absenden<\/span>\n\t\t\t\t\t\t\t\t\t\t\t\t\t<\/span>\n\t\t\t\t\t<\/button>\n\t\t\t\t<\/div>\n\t\t\t<\/div>\n\t\t<\/form>\n\t\t\t\t\t\t<\/div>\n\t\t\t\t<\/div>\n\t\t\t\t<\/div>\n\t\t\t\t\t<\/div>\n\t\t\t\t<\/div>\n\t\t\t\t<\/div>\n\t\t","protected":false},"excerpt":{"rendered":"<p>Bauteile, mit Profil. ROLLIEREN AUF H\u00d6CHSTEM NIVEAU. erfahren sie mehr Projektanfrage Wenn Pr\u00e4zision zusammenschwei\u00dft. F\u00fcgetechnik f\u00fcr jede Anforderung. erfahren sie mehr Projektanfrage ROLLIERen AUF DEN PUNKT GEBRACHT ROLLIERen AUF DEN PUNKT GEBRACHT Besonders in der Automobilindustrie, aber auch in weiteren Industriezweigen, spielt das Rollieren seine St\u00e4rken aus. Ob im elektrifizierten Antriebsstrang, im konventionellen Getriebe oder [&hellip;]<\/p>\n","protected":false},"author":1,"featured_media":0,"parent":8461,"menu_order":3,"comment_status":"closed","ping_status":"closed","template":"elementor_header_footer","meta":{"_acf_changed":false,"footnotes":""},"class_list":["post-829","page","type-page","status-publish","hentry"],"acf":[],"_links":{"self":[{"href":"https:\/\/www.fiuka.de\/fr\/wp-json\/wp\/v2\/pages\/829","targetHints":{"allow":["GET"]}}],"collection":[{"href":"https:\/\/www.fiuka.de\/fr\/wp-json\/wp\/v2\/pages"}],"about":[{"href":"https:\/\/www.fiuka.de\/fr\/wp-json\/wp\/v2\/types\/page"}],"author":[{"embeddable":true,"href":"https:\/\/www.fiuka.de\/fr\/wp-json\/wp\/v2\/users\/1"}],"replies":[{"embeddable":true,"href":"https:\/\/www.fiuka.de\/fr\/wp-json\/wp\/v2\/comments?post=829"}],"version-history":[{"count":0,"href":"https:\/\/www.fiuka.de\/fr\/wp-json\/wp\/v2\/pages\/829\/revisions"}],"up":[{"embeddable":true,"href":"https:\/\/www.fiuka.de\/fr\/wp-json\/wp\/v2\/pages\/8461"}],"wp:attachment":[{"href":"https:\/\/www.fiuka.de\/fr\/wp-json\/wp\/v2\/media?parent=829"}],"curies":[{"name":"wp","href":"https:\/\/api.w.org\/{rel}","templated":true}]}}