{"id":821,"date":"2025-09-13T21:49:10","date_gmt":"2025-09-13T19:49:10","guid":{"rendered":"https:\/\/fiuka.cremermedia.de\/?page_id=821"},"modified":"2025-12-14T21:38:16","modified_gmt":"2025-12-14T20:38:16","slug":"elektromobilitaet","status":"publish","type":"page","link":"https:\/\/www.fiuka.de\/fr\/branchen\/automotive\/elektromobilitaet\/","title":{"rendered":"Mobilit\u00e9 \u00e9lectrique"},"content":{"rendered":"\t\t<div data-elementor-type=\"wp-page\" data-elementor-id=\"821\" class=\"elementor elementor-821\" data-elementor-settings=\"{&quot;ha_cmc_init_switcher&quot;:&quot;no&quot;}\" data-elementor-post-type=\"page\">\n\t\t\t\t<div class=\"elementor-element elementor-element-5a6a200 elementor-hidden-tablet elementor-hidden-mobile elementor-hidden-tablet_extra elementor-hidden-mobile_extra e-ecs-flex e-flex e-con-boxed e-con e-parent\" data-id=\"5a6a200\" data-element_type=\"container\" data-e-type=\"container\" data-settings=\"{&quot;background_background&quot;:&quot;classic&quot;,&quot;ecs_container_type&quot;:&quot;flex&quot;,&quot;_ha_eqh_enable&quot;:false}\">\n\t\t\t\t\t<div class=\"e-con-inner\">\n\t\t<div class=\"elementor-element elementor-element-1b823b5 e-con-full .progressive-blur-left-to-right e-ecs-flex e-flex e-con e-child\" data-id=\"1b823b5\" data-element_type=\"container\" data-e-type=\"container\" data-settings=\"{&quot;ecs_container_type&quot;:&quot;flex&quot;,&quot;_ha_eqh_enable&quot;:false}\">\n\t\t\t\t<div class=\"elementor-element elementor-element-d8fe273 elementor-widget elementor-widget-heading\" data-id=\"d8fe273\" data-element_type=\"widget\" data-e-type=\"widget\" data-widget_type=\"heading.default\">\n\t\t\t\t\t<h2 class=\"elementor-heading-title elementor-size-default\">Systeml\u00f6sungen, <br>DIE AUFLADEN.<\/h2>\t\t\t\t<\/div>\n\t\t\t\t<div class=\"elementor-element elementor-element-289909d elementor-widget elementor-widget-heading\" data-id=\"289909d\" data-element_type=\"widget\" data-e-type=\"widget\" data-widget_type=\"heading.default\">\n\t\t\t\t\t<h1 class=\"elementor-heading-title elementor-size-default\">Elektromobilit\u00e4t beginnt mit starken Komponenten.<\/h1>\t\t\t\t<\/div>\n\t\t<div class=\"elementor-element elementor-element-dae1a85 e-con-full e-ecs-flex e-flex e-con e-child\" data-id=\"dae1a85\" data-element_type=\"container\" data-e-type=\"container\" data-settings=\"{&quot;ecs_container_type&quot;:&quot;flex&quot;,&quot;_ha_eqh_enable&quot;:false}\">\n\t\t<div class=\"elementor-element elementor-element-6e02c53 e-con-full e-ecs-flex e-flex e-con e-child\" data-id=\"6e02c53\" data-element_type=\"container\" data-e-type=\"container\" data-settings=\"{&quot;ecs_container_type&quot;:&quot;flex&quot;,&quot;_ha_eqh_enable&quot;:false}\">\n\t\t\t\t<div class=\"elementor-element elementor-element-04030d6 elevate-btn elementor-widget elementor-widget-button\" data-id=\"04030d6\" data-element_type=\"widget\" data-e-type=\"widget\" data-widget_type=\"button.default\">\n\t\t\t\t\t\t\t\t\t\t<a class=\"elementor-button elementor-button-link elementor-size-sm\" href=\"#mehrerfahren\">\n\t\t\t\t\t\t<span class=\"elementor-button-content-wrapper\">\n\t\t\t\t\t\t\t\t\t<span class=\"elementor-button-text\">erfahren sie mehr<\/span>\n\t\t\t\t\t<\/span>\n\t\t\t\t\t<\/a>\n\t\t\t\t\t\t\t\t<\/div>\n\t\t\t\t<div class=\"elementor-element elementor-element-e25e2d1 elevate-btn elementor-widget elementor-widget-button\" data-id=\"e25e2d1\" data-element_type=\"widget\" data-e-type=\"widget\" data-widget_type=\"button.default\">\n\t\t\t\t\t\t\t\t\t\t<a class=\"elementor-button elementor-button-link elementor-size-sm\" href=\"#projektanfrage\">\n\t\t\t\t\t\t<span class=\"elementor-button-content-wrapper\">\n\t\t\t\t\t\t\t\t\t<span class=\"elementor-button-text\">Projektanfrage<\/span>\n\t\t\t\t\t<\/span>\n\t\t\t\t\t<\/a>\n\t\t\t\t\t\t\t\t<\/div>\n\t\t\t\t<\/div>\n\t\t\t\t<\/div>\n\t\t\t\t<\/div>\n\t\t\t\t\t<\/div>\n\t\t\t\t<\/div>\n\t\t<div class=\"elementor-element elementor-element-509c801 elementor-hidden-desktop elementor-hidden-laptop e-con-full elementor-hidden-widescreen e-ecs-flex e-flex e-con e-parent\" data-id=\"509c801\" data-element_type=\"container\" data-e-type=\"container\" data-settings=\"{&quot;background_background&quot;:&quot;classic&quot;,&quot;ecs_container_type&quot;:&quot;flex&quot;,&quot;_ha_eqh_enable&quot;:false}\">\n\t\t<div class=\"elementor-element elementor-element-daf8329 e-con-full e-ecs-flex e-flex e-con e-child\" data-id=\"daf8329\" data-element_type=\"container\" data-e-type=\"container\" data-settings=\"{&quot;ecs_container_type&quot;:&quot;flex&quot;,&quot;_ha_eqh_enable&quot;:false}\">\n\t\t\t\t<div class=\"elementor-element elementor-element-9b1efa2 elementor-widget elementor-widget-heading\" data-id=\"9b1efa2\" data-element_type=\"widget\" data-e-type=\"widget\" data-widget_type=\"heading.default\">\n\t\t\t\t\t<h2 class=\"elementor-heading-title elementor-size-default\">Systeml\u00f6sungen, <br>DIE AUFLADEN.<\/h2>\t\t\t\t<\/div>\n\t\t\t\t<div class=\"elementor-element elementor-element-8b23799 elementor-widget elementor-widget-heading\" data-id=\"8b23799\" data-element_type=\"widget\" data-e-type=\"widget\" data-widget_type=\"heading.default\">\n\t\t\t\t\t<h1 class=\"elementor-heading-title elementor-size-default\">Elektromobilit\u00e4t beginnt mit starken Komponenten.<\/h1>\t\t\t\t<\/div>\n\t\t<div class=\"elementor-element elementor-element-08a35a3 e-con-full e-ecs-flex e-flex e-con e-child\" data-id=\"08a35a3\" data-element_type=\"container\" data-e-type=\"container\" data-settings=\"{&quot;ecs_container_type&quot;:&quot;flex&quot;,&quot;_ha_eqh_enable&quot;:false}\">\n\t\t\t\t<div class=\"elementor-element elementor-element-e76f10c elevate-btn elementor-widget elementor-widget-button\" data-id=\"e76f10c\" data-element_type=\"widget\" data-e-type=\"widget\" data-widget_type=\"button.default\">\n\t\t\t\t\t\t\t\t\t\t<a class=\"elementor-button elementor-button-link elementor-size-sm\" href=\"#mehrerfahren\">\n\t\t\t\t\t\t<span class=\"elementor-button-content-wrapper\">\n\t\t\t\t\t\t\t\t\t<span class=\"elementor-button-text\">erfahren sie mehr<\/span>\n\t\t\t\t\t<\/span>\n\t\t\t\t\t<\/a>\n\t\t\t\t\t\t\t\t<\/div>\n\t\t\t\t<div class=\"elementor-element elementor-element-1e9ff5e elevate-btn elementor-widget elementor-widget-button\" data-id=\"1e9ff5e\" data-element_type=\"widget\" data-e-type=\"widget\" data-widget_type=\"button.default\">\n\t\t\t\t\t\t\t\t\t\t<a class=\"elementor-button elementor-button-link elementor-size-sm\" href=\"#projektanfrage\">\n\t\t\t\t\t\t<span class=\"elementor-button-content-wrapper\">\n\t\t\t\t\t\t\t\t\t<span class=\"elementor-button-text\">Projektanfrage<\/span>\n\t\t\t\t\t<\/span>\n\t\t\t\t\t<\/a>\n\t\t\t\t\t\t\t\t<\/div>\n\t\t\t\t<\/div>\n\t\t\t\t<\/div>\n\t\t\t\t<\/div>\n\t\t<div class=\"elementor-element elementor-element-3e9c797 e-ecs-flex e-flex e-con-boxed e-con e-parent\" data-id=\"3e9c797\" data-element_type=\"container\" data-e-type=\"container\" id=\"mehrerfahren\" data-settings=\"{&quot;background_background&quot;:&quot;classic&quot;,&quot;ecs_container_type&quot;:&quot;flex&quot;,&quot;_ha_eqh_enable&quot;:false}\">\n\t\t\t\t\t<div class=\"e-con-inner\">\n\t\t<div class=\"elementor-element elementor-element-ad7cfaa e-con-full e-ecs-flex e-flex e-con e-child\" data-id=\"ad7cfaa\" data-element_type=\"container\" data-e-type=\"container\" data-settings=\"{&quot;ecs_container_type&quot;:&quot;flex&quot;,&quot;_ha_eqh_enable&quot;:false}\">\n\t\t\t\t<div class=\"elementor-element elementor-element-e05c36e elementor-widget elementor-widget-heading\" data-id=\"e05c36e\" data-element_type=\"widget\" data-e-type=\"widget\" data-widget_type=\"heading.default\">\n\t\t\t\t\t<h2 class=\"elementor-heading-title elementor-size-default\">ANTRIEB NEU GEDACHT<\/h2>\t\t\t\t<\/div>\n\t\t\t\t<div class=\"elementor-element elementor-element-0945968 elementor-widget elementor-widget-heading\" data-id=\"0945968\" data-element_type=\"widget\" data-e-type=\"widget\" data-widget_type=\"heading.default\">\n\t\t\t\t\t<h3 class=\"elementor-heading-title elementor-size-default\">Fertigungs-Know-how f\u00fcr die Elektromobilit\u00e4t<\/h3>\t\t\t\t<\/div>\n\t\t\t\t<div class=\"elementor-element elementor-element-97abdef elementor-widget elementor-widget-text-editor\" data-id=\"97abdef\" data-element_type=\"widget\" data-e-type=\"widget\" data-widget_type=\"text-editor.default\">\n\t\t\t\t\t\t\t\t\t<p>Die Mobilit\u00e4t der Zukunft verlangt nach L\u00f6sungen, die Ressourcen schonen, Emissionen senken und gleichzeitig bezahlbar bleiben.<br \/>Wir bei FIUKA sind \u00fcberzeugt: Elektromobilit\u00e4t ist der Schl\u00fcssel zu nachhaltigem Fortschritt. Deshalb entwickeln und fertigen wir Bauteile, die h\u00f6chste Pr\u00e4zision mit Wirtschaftlichkeit verbinden \u2013 vom Prototyp bis zur Gro\u00dfserie.<\/p><p>Von der Tiefziehtechnik \u00fcber Rollieren bis hin zum Dr\u00fcckwalzen: Wir beherrschen eine Vielzahl an Fertigungsverfahren und kombinieren sie flexibel miteinander. Das Ergebnis sind L\u00f6sungen, die nicht nur technisch \u00fcberzeugen, sondern auch wirtschaftlich sind und damit den entscheidenden Vorsprung im Wettbewerb sichern.<\/p>\t\t\t\t\t\t\t\t<\/div>\n\t\t\t\t<\/div>\n\t\t\t\t\t<\/div>\n\t\t\t\t<\/div>\n\t\t<div class=\"elementor-element elementor-element-2162395 e-ecs-flex e-flex e-con-boxed e-con e-parent\" data-id=\"2162395\" data-element_type=\"container\" data-e-type=\"container\" data-settings=\"{&quot;ecs_container_type&quot;:&quot;flex&quot;,&quot;_ha_eqh_enable&quot;:false}\">\n\t\t\t\t\t<div class=\"e-con-inner\">\n\t\t<div class=\"elementor-element elementor-element-95ba76e e-con-full e-ecs-flex e-flex e-con e-child\" data-id=\"95ba76e\" data-element_type=\"container\" data-e-type=\"container\" data-settings=\"{&quot;background_background&quot;:&quot;classic&quot;,&quot;ecs_container_type&quot;:&quot;flex&quot;,&quot;_ha_eqh_enable&quot;:false}\">\n\t\t\t\t<div class=\"elementor-element elementor-element-2792592 elementor-widget elementor-widget-heading\" data-id=\"2792592\" data-element_type=\"widget\" data-e-type=\"widget\" data-widget_type=\"heading.default\">\n\t\t\t\t\t<h2 class=\"elementor-heading-title elementor-size-default\">ANTRIEB DER N\u00c4CHSTEN GENERATION<\/h2>\t\t\t\t<\/div>\n\t\t\t\t<div class=\"elementor-element elementor-element-62e6b9a elementor-widget elementor-widget-heading\" data-id=\"62e6b9a\" data-element_type=\"widget\" data-e-type=\"widget\" data-widget_type=\"heading.default\">\n\t\t\t\t\t<h3 class=\"elementor-heading-title elementor-size-default\">Pr\u00e4zision f\u00fcr alle E-Mobility-Konzepte<\/h3>\t\t\t\t<\/div>\n\t\t\t\t<div class=\"elementor-element elementor-element-a3a79fc elementor-widget elementor-widget-text-editor\" data-id=\"a3a79fc\" data-element_type=\"widget\" data-e-type=\"widget\" data-widget_type=\"text-editor.default\">\n\t\t\t\t\t\t\t\t\t<p>FIUKA ist Ihr Partner f\u00fcr leistungsf\u00e4hige Komponenten im Elektroantrieb.<br \/>Mit unserem Fertigungs-Know-how decken wir ein breites Spektrum ab \u2013 und liefern damit nicht nur Einzelteile, sondern Systeml\u00f6sungen aus einer Hand.<\/p>\t\t\t\t\t\t\t\t<\/div>\n\t\t\t\t<div class=\"elementor-element elementor-element-a831eb9 elementor-widget elementor-widget-text-editor\" data-id=\"a831eb9\" data-element_type=\"widget\" data-e-type=\"widget\" data-widget_type=\"text-editor.default\">\n\t\t\t\t\t\t\t\t\tUnsere Kompetenzfelder:\t\t\t\t\t\t\t\t<\/div>\n\t\t\t\t<div class=\"elementor-element elementor-element-8d545e9 rautenliste elementor-widget elementor-widget-text-editor\" data-id=\"8d545e9\" data-element_type=\"widget\" data-e-type=\"widget\" data-widget_type=\"text-editor.default\">\n\t\t\t\t\t\t\t\t\t<ul><li>Statorgeh\u00e4use<\/li><li>Elektroblechpakete (Rotor und Stator)<\/li><li>Rotortr\u00e4ger\/ Lamellentr\u00e4ger<\/li><li>Rotorwellen<\/li><li>Geh\u00e4usedeckel<\/li><li>Vormontage von Komponenten<\/li><\/ul>\t\t\t\t\t\t\t\t<\/div>\n\t\t\t\t<\/div>\n\t\t<div class=\"elementor-element elementor-element-af1bf59 e-con-full e-ecs-flex e-flex e-con e-child\" data-id=\"af1bf59\" data-element_type=\"container\" data-e-type=\"container\" data-settings=\"{&quot;background_background&quot;:&quot;classic&quot;,&quot;ecs_container_type&quot;:&quot;flex&quot;,&quot;_ha_eqh_enable&quot;:false}\">\n\t\t\t\t<\/div>\n\t\t<div class=\"elementor-element elementor-element-331206e e-con-full e-ecs-flex e-flex e-con e-child\" data-id=\"331206e\" data-element_type=\"container\" data-e-type=\"container\" data-settings=\"{&quot;background_background&quot;:&quot;classic&quot;,&quot;ecs_container_type&quot;:&quot;flex&quot;,&quot;_ha_eqh_enable&quot;:false}\">\n\t\t\t\t<\/div>\n\t\t<div class=\"elementor-element elementor-element-7daae9c e-con-full e-ecs-flex e-flex e-con e-child\" data-id=\"7daae9c\" data-element_type=\"container\" data-e-type=\"container\" data-settings=\"{&quot;background_background&quot;:&quot;classic&quot;,&quot;ecs_container_type&quot;:&quot;flex&quot;,&quot;_ha_eqh_enable&quot;:false}\">\n\t\t\t\t<div class=\"elementor-element elementor-element-1d9a50a elementor-widget elementor-widget-heading\" data-id=\"1d9a50a\" data-element_type=\"widget\" data-e-type=\"widget\" data-widget_type=\"heading.default\">\n\t\t\t\t\t<h2 class=\"elementor-heading-title elementor-size-default\">EFFIZIENZ, DIE VERBINDET<\/h2>\t\t\t\t<\/div>\n\t\t\t\t<div class=\"elementor-element elementor-element-ab38519 elementor-widget elementor-widget-heading\" data-id=\"ab38519\" data-element_type=\"widget\" data-e-type=\"widget\" data-widget_type=\"heading.default\">\n\t\t\t\t\t<h3 class=\"elementor-heading-title elementor-size-default\">Weniger Schnittstellen, mehr Synergien<\/h3>\t\t\t\t<\/div>\n\t\t\t\t<div class=\"elementor-element elementor-element-e954c2b elementor-widget elementor-widget-text-editor\" data-id=\"e954c2b\" data-element_type=\"widget\" data-e-type=\"widget\" data-widget_type=\"text-editor.default\">\n\t\t\t\t\t\t\t\t\t<p>Eine der gr\u00f6\u00dften Herausforderungen der Fahrzeugindustrie ist es, Emissionen zu senken und regenerative Energien effizient zu nutzen \u2013 ohne Kompromisse bei Wirtschaftlichkeit und Leistung.<br \/>FIUKA unterst\u00fctzt Hersteller mit innovativen Fertigungskonzepten, die Bauteile perfekt aufeinander abstimmen und so Entwicklungszeit sowie Kosten reduzieren.<\/p>\t\t\t\t\t\t\t\t<\/div>\n\t\t\t\t<div class=\"elementor-element elementor-element-c94b231 elementor-widget elementor-widget-text-editor\" data-id=\"c94b231\" data-element_type=\"widget\" data-e-type=\"widget\" data-widget_type=\"text-editor.default\">\n\t\t\t\t\t\t\t\t\tIhre Vorteile mit FIUKA:\t\t\t\t\t\t\t\t<\/div>\n\t\t\t\t<div class=\"elementor-element elementor-element-aee5bfc rautenliste elementor-widget elementor-widget-text-editor\" data-id=\"aee5bfc\" data-element_type=\"widget\" data-e-type=\"widget\" data-widget_type=\"text-editor.default\">\n\t\t\t\t\t\t\t\t\t<ul><li>Passgenaue Bauteile f\u00fcr elektrische Antriebe<\/li><li>Harmonisch abgestimmte Komponenten im Gesamtsystem<\/li><li>Reduzierte Lieferantenkette durch Fertigungstiefe unter einem Dach<\/li><li>M\u00f6glichkeit zur Vormontage komplexer Baugruppen<\/li><\/ul>\t\t\t\t\t\t\t\t<\/div>\n\t\t\t\t<\/div>\n\t\t\t\t\t<\/div>\n\t\t\t\t<\/div>\n\t\t<div class=\"elementor-element elementor-element-557c903a e-ecs-flex e-flex e-con-boxed e-con e-parent\" data-id=\"557c903a\" data-element_type=\"container\" data-e-type=\"container\" id=\"projektanfrage\" data-settings=\"{&quot;background_background&quot;:&quot;classic&quot;,&quot;ecs_container_type&quot;:&quot;flex&quot;,&quot;_ha_eqh_enable&quot;:false}\">\n\t\t\t\t\t<div class=\"e-con-inner\">\n\t\t<div class=\"elementor-element elementor-element-38ed1be7 e-con-full e-ecs-flex e-flex e-con e-child\" data-id=\"38ed1be7\" data-element_type=\"container\" data-e-type=\"container\" data-settings=\"{&quot;ecs_container_type&quot;:&quot;flex&quot;,&quot;_ha_eqh_enable&quot;:false}\">\n\t\t\t\t<div class=\"elementor-element elementor-element-211e8ac elementor-widget elementor-widget-heading\" data-id=\"211e8ac\" data-element_type=\"widget\" data-e-type=\"widget\" data-widget_type=\"heading.default\">\n\t\t\t\t\t<h2 class=\"elementor-heading-title elementor-size-default\">Ihr direkter Draht zu uns<\/h2>\t\t\t\t<\/div>\n\t\t\t\t<div class=\"elementor-element elementor-element-29ab583a elementor-widget elementor-widget-heading\" data-id=\"29ab583a\" data-element_type=\"widget\" data-e-type=\"widget\" data-widget_type=\"heading.default\">\n\t\t\t\t\t<h3 class=\"elementor-heading-title elementor-size-default\">SCHNELL, UNKOMPLIZIERT &amp; PERS\u00d6NLICH<\/h3>\t\t\t\t<\/div>\n\t\t\t\t<\/div>\n\t\t<div class=\"elementor-element elementor-element-39496002 e-con-full e-ecs-flex e-flex e-con e-child\" data-id=\"39496002\" data-element_type=\"container\" data-e-type=\"container\" data-settings=\"{&quot;background_background&quot;:&quot;classic&quot;,&quot;ecs_container_type&quot;:&quot;flex&quot;,&quot;_ha_eqh_enable&quot;:false}\">\n\t\t<div class=\"elementor-element elementor-element-2b517144 e-con-full e-ecs-flex e-flex e-con e-child\" data-id=\"2b517144\" data-element_type=\"container\" data-e-type=\"container\" data-settings=\"{&quot;background_background&quot;:&quot;classic&quot;,&quot;ecs_container_type&quot;:&quot;flex&quot;,&quot;_ha_eqh_enable&quot;:false}\">\n\t\t\t\t<div class=\"elementor-element elementor-element-193ec0df elementor-button-align-center elementor-widget__width-initial elementor-widget elementor-widget-form\" data-id=\"193ec0df\" data-element_type=\"widget\" data-e-type=\"widget\" data-settings=\"{&quot;step_next_label&quot;:&quot;N\\u00e4chster&quot;,&quot;step_previous_label&quot;:&quot;Voriger&quot;,&quot;button_width&quot;:&quot;100&quot;,&quot;step_type&quot;:&quot;number_text&quot;,&quot;step_icon_shape&quot;:&quot;circle&quot;}\" data-widget_type=\"form.default\">\n\t\t\t\t\t\t\t<form class=\"elementor-form\" method=\"post\" id=\"luftfahrt\" name=\"Kontakt\" aria-label=\"Kontakt\">\n\t\t\t<input type=\"hidden\" name=\"post_id\" value=\"821\"\/>\n\t\t\t<input type=\"hidden\" name=\"form_id\" value=\"193ec0df\"\/>\n\t\t\t<input type=\"hidden\" name=\"referer_title\" value=\"\" \/>\n\n\t\t\t\n\t\t\t<div class=\"elementor-form-fields-wrapper elementor-labels-\">\n\t\t\t\t\t\t\t\t<div class=\"elementor-field-type-hidden elementor-field-group elementor-column elementor-field-group-seitentitel elementor-col-100\">\n\t\t\t\t\t\t\t\t\t\t\t\t\t<input size=\"1\" type=\"hidden\" name=\"form_fields[seitentitel]\" id=\"form-field-seitentitel\" class=\"elementor-field elementor-size-md  elementor-field-textual\" value=\"Elektromobilit\u00e4t\">\n\t\t\t\t\t\t\t\t\t\t\t<\/div>\n\t\t\t\t\t\t\t\t<div class=\"elementor-field-type-text elementor-field-group elementor-column elementor-field-group-unternehmen elementor-col-50 elementor-sm-50\">\n\t\t\t\t\t\t\t\t\t\t\t\t<label for=\"form-field-unternehmen\" class=\"elementor-field-label elementor-screen-only\">\n\t\t\t\t\t\t\t\tUnternehmen\t\t\t\t\t\t\t<\/label>\n\t\t\t\t\t\t\t\t\t\t\t\t\t\t<input size=\"1\" type=\"text\" name=\"form_fields[unternehmen]\" id=\"form-field-unternehmen\" class=\"elementor-field elementor-size-md  elementor-field-textual\" placeholder=\"Unternehmen*\">\n\t\t\t\t\t\t\t\t\t\t\t<\/div>\n\t\t\t\t\t\t\t\t<div class=\"elementor-field-type-text elementor-field-group elementor-column elementor-field-group-ansprechpartner elementor-col-50 elementor-sm-50 elementor-field-required\">\n\t\t\t\t\t\t\t\t\t\t\t\t<label for=\"form-field-ansprechpartner\" class=\"elementor-field-label elementor-screen-only\">\n\t\t\t\t\t\t\t\tAnsprechpartner\t\t\t\t\t\t\t<\/label>\n\t\t\t\t\t\t\t\t\t\t\t\t\t\t<input size=\"1\" type=\"text\" name=\"form_fields[ansprechpartner]\" id=\"form-field-ansprechpartner\" class=\"elementor-field elementor-size-md  elementor-field-textual\" placeholder=\"Ansprechpartner*\" required=\"required\">\n\t\t\t\t\t\t\t\t\t\t\t<\/div>\n\t\t\t\t\t\t\t\t<div class=\"elementor-field-type-text\">\n\t\t\t\t\t<input size=\"1\" type=\"text\" name=\"form_fields[field_f4bdc56]\" id=\"form-field-field_f4bdc56\" class=\"elementor-field elementor-size-md \" style=\"display:none !important;\">\t\t\t\t<\/div>\n\t\t\t\t\t\t\t\t<div class=\"elementor-field-type-email elementor-field-group elementor-column elementor-field-group-email elementor-col-50 elementor-sm-50 elementor-field-required\">\n\t\t\t\t\t\t\t\t\t\t\t\t<label for=\"form-field-email\" class=\"elementor-field-label elementor-screen-only\">\n\t\t\t\t\t\t\t\tE-Mail\t\t\t\t\t\t\t<\/label>\n\t\t\t\t\t\t\t\t\t\t\t\t\t\t<input size=\"1\" type=\"email\" name=\"form_fields[email]\" id=\"form-field-email\" class=\"elementor-field elementor-size-md  elementor-field-textual\" placeholder=\"E-Mail*\" required=\"required\">\n\t\t\t\t\t\t\t\t\t\t\t<\/div>\n\t\t\t\t\t\t\t\t<div class=\"elementor-field-type-tel elementor-field-group elementor-column elementor-field-group-telefon elementor-col-50 elementor-sm-50\">\n\t\t\t\t\t\t\t\t\t\t\t\t<label for=\"form-field-telefon\" class=\"elementor-field-label elementor-screen-only\">\n\t\t\t\t\t\t\t\tTelefon\t\t\t\t\t\t\t<\/label>\n\t\t\t\t\t\t\t\t<input size=\"1\" type=\"tel\" name=\"form_fields[telefon]\" id=\"form-field-telefon\" class=\"elementor-field elementor-size-md  elementor-field-textual\" placeholder=\"Telefon\" pattern=\"[0-9()#&amp;+*-=.]+\" title=\"Seuls les caract\u00e8res de num\u00e9ros de t\u00e9l\u00e9phone (#, -, *, etc.) sont accept\u00e9s.\">\n\n\t\t\t\t\t\t<\/div>\n\t\t\t\t\t\t\t\t<div class=\"elementor-field-type-textarea elementor-field-group elementor-column elementor-field-group-nachricht elementor-col-100\">\n\t\t\t\t\t\t\t\t\t\t\t\t<label for=\"form-field-nachricht\" class=\"elementor-field-label elementor-screen-only\">\n\t\t\t\t\t\t\t\tNachricht\t\t\t\t\t\t\t<\/label>\n\t\t\t\t\t\t<textarea class=\"elementor-field-textual elementor-field  elementor-size-md\" name=\"form_fields[nachricht]\" id=\"form-field-nachricht\" rows=\"4\" placeholder=\"Nachricht\"><\/textarea>\t\t\t\t<\/div>\n\t\t\t\t\t\t\t\t<div class=\"elementor-field-type-html elementor-field-group elementor-column elementor-field-group-field_3d59b69 elementor-col-100\">\n\t\t\t\t\t<p>Ihre Daten werden vertraulich behandelt. Weitere Informationen finden Sie in unserer <a href=\"https:\/\/www.fiuka.de\/datenschutz\" target=\"_blank\"><span style=\"color: #003D8D;font-weight: 500;\">Datenschutzerkl\u00e4rung<\/span><\/a>.<\/p> \n\t\t\t\t<\/div>\n\t\t\t\t\t\t\t\t<div class=\"elementor-field-type-acceptance elementor-field-group elementor-column elementor-field-group-formcheckbox elementor-col-100 elementor-field-required\">\n\t\t\t\t\t\t\t<div class=\"elementor-field-subgroup\">\n\t\t\t<span class=\"elementor-field-option\">\n\t\t\t\t<input type=\"checkbox\" name=\"form_fields[formcheckbox]\" id=\"form-field-formcheckbox\" class=\"elementor-field elementor-size-md  elementor-acceptance-field\" required=\"required\">\n\t\t\t\t<label for=\"form-field-formcheckbox\"><span style=\"font-size: 17px; font-weight: 500; \">\n  Ich habe die Datenschutzerkl\u00e4rung gelesen und akzeptiert*\n<\/span><\/label>\t\t\t<\/span>\n\t\t<\/div>\n\t\t\t\t\t\t<\/div>\n\t\t\t\t\t\t\t\t<div class=\"elementor-field-group elementor-column elementor-field-type-submit elementor-col-100 e-form__buttons\">\n\t\t\t\t\t<button class=\"elementor-button elementor-size-md\" type=\"submit\">\n\t\t\t\t\t\t<span class=\"elementor-button-content-wrapper\">\n\t\t\t\t\t\t\t\t\t\t\t\t\t\t\t\t\t\t\t\t\t\t<span class=\"elementor-button-text\">Anfrage absenden<\/span>\n\t\t\t\t\t\t\t\t\t\t\t\t\t<\/span>\n\t\t\t\t\t<\/button>\n\t\t\t\t<\/div>\n\t\t\t<\/div>\n\t\t<\/form>\n\t\t\t\t\t\t<\/div>\n\t\t\t\t<\/div>\n\t\t\t\t<\/div>\n\t\t\t\t\t<\/div>\n\t\t\t\t<\/div>\n\t\t\t\t<\/div>\n\t\t","protected":false},"excerpt":{"rendered":"<p>Systeml\u00f6sungen, DIE AUFLADEN. Elektromobilit\u00e4t beginnt mit starken Komponenten. erfahren sie mehr Projektanfrage Systeml\u00f6sungen, DIE AUFLADEN. Elektromobilit\u00e4t beginnt mit starken Komponenten. erfahren sie mehr Projektanfrage ANTRIEB NEU GEDACHT Fertigungs-Know-how f\u00fcr die Elektromobilit\u00e4t Die Mobilit\u00e4t der Zukunft verlangt nach L\u00f6sungen, die Ressourcen schonen, Emissionen senken und gleichzeitig bezahlbar bleiben.Wir bei FIUKA sind \u00fcberzeugt: Elektromobilit\u00e4t ist der Schl\u00fcssel [&hellip;]<\/p>\n","protected":false},"author":1,"featured_media":0,"parent":757,"menu_order":4,"comment_status":"closed","ping_status":"closed","template":"elementor_header_footer","meta":{"_acf_changed":false,"footnotes":""},"class_list":["post-821","page","type-page","status-publish","hentry"],"acf":[],"_links":{"self":[{"href":"https:\/\/www.fiuka.de\/fr\/wp-json\/wp\/v2\/pages\/821","targetHints":{"allow":["GET"]}}],"collection":[{"href":"https:\/\/www.fiuka.de\/fr\/wp-json\/wp\/v2\/pages"}],"about":[{"href":"https:\/\/www.fiuka.de\/fr\/wp-json\/wp\/v2\/types\/page"}],"author":[{"embeddable":true,"href":"https:\/\/www.fiuka.de\/fr\/wp-json\/wp\/v2\/users\/1"}],"replies":[{"embeddable":true,"href":"https:\/\/www.fiuka.de\/fr\/wp-json\/wp\/v2\/comments?post=821"}],"version-history":[{"count":0,"href":"https:\/\/www.fiuka.de\/fr\/wp-json\/wp\/v2\/pages\/821\/revisions"}],"up":[{"embeddable":true,"href":"https:\/\/www.fiuka.de\/fr\/wp-json\/wp\/v2\/pages\/757"}],"wp:attachment":[{"href":"https:\/\/www.fiuka.de\/fr\/wp-json\/wp\/v2\/media?parent=821"}],"curies":[{"name":"wp","href":"https:\/\/api.w.org\/{rel}","templated":true}]}}