{"id":146,"date":"2025-07-05T12:08:13","date_gmt":"2025-07-05T12:08:13","guid":{"rendered":"https:\/\/pv-fiuka.de\/impressum\/"},"modified":"2025-12-13T22:59:17","modified_gmt":"2025-12-13T21:59:17","slug":"impressum","status":"publish","type":"page","link":"https:\/\/www.fiuka.de\/fr\/impressum\/","title":{"rendered":"Mentions l\u00e9gales"},"content":{"rendered":"<div data-elementor-type=\"wp-page\" data-elementor-id=\"146\" class=\"elementor elementor-146\" data-elementor-settings=\"{&quot;ha_cmc_init_switcher&quot;:&quot;no&quot;}\" data-elementor-post-type=\"page\">\n\t\t\t\t<div class=\"elementor-element elementor-element-408dc43 elementor-hidden-tablet elementor-hidden-mobile elementor-hidden-tablet_extra elementor-hidden-mobile_extra e-flex e-con-boxed e-con e-parent\" data-id=\"408dc43\" data-element_type=\"container\" data-settings=\"{&quot;background_background&quot;:&quot;classic&quot;,&quot;_ha_eqh_enable&quot;:false}\">\n\t\t\t\t\t<div class=\"e-con-inner\">\n\t\t<div class=\"elementor-element elementor-element-fb923de e-con-full .progressive-blur-left-to-right e-flex e-con e-child\" data-id=\"fb923de\" data-element_type=\"container\" data-settings=\"{&quot;_ha_eqh_enable&quot;:false}\">\n\t\t\t\t<div class=\"elementor-element elementor-element-e40e26b elementor-widget elementor-widget-heading\" data-id=\"e40e26b\" data-element_type=\"widget\" data-widget_type=\"heading.default\">\n\t\t\t\t\t<h1 class=\"elementor-heading-title elementor-size-default\">Mentions l\u00e9gales<\/h1>\t\t\t\t<\/div>\n\t\t\t\t<\/div>\n\t\t\t\t\t<\/div>\n\t\t\t\t<\/div>\n\t\t<div class=\"elementor-element elementor-element-1d08641 elementor-hidden-desktop elementor-hidden-laptop e-con-full elementor-hidden-widescreen e-flex e-con e-parent\" data-id=\"1d08641\" data-element_type=\"container\" data-settings=\"{&quot;background_background&quot;:&quot;classic&quot;,&quot;_ha_eqh_enable&quot;:false}\">\n\t\t<div class=\"elementor-element elementor-element-35d463b e-con-full e-flex e-con e-child\" data-id=\"35d463b\" data-element_type=\"container\" data-settings=\"{&quot;_ha_eqh_enable&quot;:false}\">\n\t\t\t\t<div class=\"elementor-element elementor-element-35bf563 elementor-widget elementor-widget-heading\" data-id=\"35bf563\" data-element_type=\"widget\" data-widget_type=\"heading.default\">\n\t\t\t\t\t<h1 class=\"elementor-heading-title elementor-size-default\">Mentions l\u00e9gales<\/h1>\t\t\t\t<\/div>\n\t\t\t\t<\/div>\n\t\t\t\t<\/div>\n\t\t<div class=\"elementor-element elementor-element-b0b221e e-flex e-con-boxed e-con e-parent\" data-id=\"b0b221e\" data-element_type=\"container\" data-settings=\"{&quot;background_background&quot;:&quot;classic&quot;,&quot;_ha_eqh_enable&quot;:false}\">\n\t\t\t\t\t<div class=\"e-con-inner\">\n\t\t<div class=\"elementor-element elementor-element-5f49926 e-con-full e-flex e-con e-child\" data-id=\"5f49926\" data-element_type=\"container\" data-settings=\"{&quot;_ha_eqh_enable&quot;:false}\">\n\t\t\t\t<div class=\"elementor-element elementor-element-eef749b elementor-widget elementor-widget-heading\" data-id=\"eef749b\" data-element_type=\"widget\" data-widget_type=\"heading.default\">\n\t\t\t\t\t<h2 class=\"elementor-heading-title elementor-size-default\">Mentions l\u00e9gales\n<\/h2>\t\t\t\t<\/div>\n\t\t\t\t<div class=\"elementor-element elementor-element-8ce2581 elementor-widget elementor-widget-heading\" data-id=\"8ce2581\" data-element_type=\"widget\" data-widget_type=\"heading.default\">\n\t\t\t\t\t<h3 class=\"elementor-heading-title elementor-size-default\">Informations conform\u00e9ment au \u00a7 5 DDG<\/h3>\t\t\t\t<\/div>\n\t\t\t\t<div class=\"elementor-element elementor-element-3aa3dab elementor-widget elementor-widget-text-editor\" data-id=\"3aa3dab\" data-element_type=\"widget\" data-widget_type=\"text-editor.default\">\n\t\t\t\t\t\t\t\t\t<p><b>Fischer &amp; Kaufmann GmbH &amp; Co. KG<br \/><\/b>Am Steinwerk 7<br \/>57413 Finnentrop<\/p><p>T\u00e9l\u00e9phone : +49 (0) 2721 \/ 519-0<br \/>T\u00e9l\u00e9copieur : +49 (0) 2721 \/ 519-27<\/p><p><a href=\"mailto:info@fiuka.de\">info@fiuka.de<\/a><\/p><p><b>Directeur g\u00e9n\u00e9ral :<br \/><\/b>Ing\u00e9nieur commercial dipl\u00f4m\u00e9 J\u00fcrgen Bischopink<br \/>Tobias Heutger<\/p><p><b>Tribunal d'enregistrement :<br \/><\/b>Tribunal d'instance de Siegen HRA 6829<\/p><p><b>Num\u00e9ro d'identification de la taxe sur le chiffre d'affaires conform\u00e9ment au \u00a7 27 a de la loi sur la taxe sur le chiffre d'affaires :<br \/><\/b>FR 126 180 813<\/p>\t\t\t\t\t\t\t\t<\/div>\n\t\t\t\t<div class=\"elementor-element elementor-element-56df558 elementor-widget elementor-widget-heading\" data-id=\"56df558\" data-element_type=\"widget\" data-widget_type=\"heading.default\">\n\t\t\t\t\t<h3 class=\"elementor-heading-title elementor-size-default\">Conception, design &amp; programmation<\/h3>\t\t\t\t<\/div>\n\t\t\t\t<div class=\"elementor-element elementor-element-d8c0b7d elementor-widget elementor-widget-text-editor\" data-id=\"d8c0b7d\" data-element_type=\"widget\" data-widget_type=\"text-editor.default\">\n\t\t\t\t\t\t\t\t\t<p><b>Anna Cremer - CremerMedia<\/b><\/p>\n<p>e-mail : <a href=\"mailto:info@cremermedia.de\">info@cremermedia.de<\/a><br><span style=\"letter-spacing: 0.1px;\">Site web : <\/span><a style=\"background-color: #ffffff;\" href=\"https:\/\/cremermedia.de\" target=\"_blank\" rel=\"noopener\">cremermedia.de<\/a>&nbsp;<\/p>\t\t\t\t\t\t\t\t<\/div>\n\t\t\t\t<\/div>\n\t\t\t\t\t<\/div>\n\t\t\t\t<\/div>\n\t\t\t\t<\/div>","protected":false},"excerpt":{"rendered":"<p>Impressum Impressum Rechtliche Hinweise Angaben gem\u00e4\u00df \u00a7 5 DDG Fischer &amp; Kaufmann GmbH &amp; Co. KGAm Steinwerk 757413 Finnentrop Telefon: +49 (0) 2721 \/ 519-0Telefax: +49 (0) 2721 \/ 519-27 info@fiuka.de Gesch\u00e4ftsf\u00fchrer:Dipl.-Wirtschaftsingenieur J\u00fcrgen BischopinkTobias Heutger Registergericht:Amtsgericht Siegen HRA 6829 Umsatzsteuer-Identifikationsnummer gem\u00e4\u00df \u00a7 27 a Umsatzsteuergesetz:DE 126 180 813 Konzeption, Design &amp; Programmierung Anna Cremer &#8211; [&hellip;]<\/p>\n","protected":false},"author":1,"featured_media":0,"parent":0,"menu_order":0,"comment_status":"closed","ping_status":"closed","template":"elementor_header_footer","meta":{"_acf_changed":false,"footnotes":""},"class_list":["post-146","page","type-page","status-publish","hentry"],"acf":[],"_links":{"self":[{"href":"https:\/\/www.fiuka.de\/fr\/wp-json\/wp\/v2\/pages\/146","targetHints":{"allow":["GET"]}}],"collection":[{"href":"https:\/\/www.fiuka.de\/fr\/wp-json\/wp\/v2\/pages"}],"about":[{"href":"https:\/\/www.fiuka.de\/fr\/wp-json\/wp\/v2\/types\/page"}],"author":[{"embeddable":true,"href":"https:\/\/www.fiuka.de\/fr\/wp-json\/wp\/v2\/users\/1"}],"replies":[{"embeddable":true,"href":"https:\/\/www.fiuka.de\/fr\/wp-json\/wp\/v2\/comments?post=146"}],"version-history":[{"count":59,"href":"https:\/\/www.fiuka.de\/fr\/wp-json\/wp\/v2\/pages\/146\/revisions"}],"predecessor-version":[{"id":8142,"href":"https:\/\/www.fiuka.de\/fr\/wp-json\/wp\/v2\/pages\/146\/revisions\/8142"}],"wp:attachment":[{"href":"https:\/\/www.fiuka.de\/fr\/wp-json\/wp\/v2\/media?parent=146"}],"curies":[{"name":"wp","href":"https:\/\/api.w.org\/{rel}","templated":true}]}}