{"id":3343,"date":"2025-09-26T23:12:16","date_gmt":"2025-09-26T21:12:16","guid":{"rendered":"https:\/\/fiuka.cremermedia.de\/?page_id=3343"},"modified":"2026-01-14T17:04:24","modified_gmt":"2026-01-14T16:04:24","slug":"mechanische-bearbeitung","status":"publish","type":"page","link":"https:\/\/www.fiuka.de\/en\/technologien\/mechanische-bearbeitung\/","title":{"rendered":"Machining"},"content":{"rendered":"\t\t<div data-elementor-type=\"wp-page\" data-elementor-id=\"3343\" class=\"elementor elementor-3343\" data-elementor-settings=\"{&quot;ha_cmc_init_switcher&quot;:&quot;no&quot;}\" data-elementor-post-type=\"page\">\n\t\t\t\t<div class=\"elementor-element elementor-element-8d35604 elementor-hidden-tablet elementor-hidden-mobile elementor-hidden-tablet_extra elementor-hidden-mobile_extra e-flex e-con-boxed e-con e-parent\" data-id=\"8d35604\" data-element_type=\"container\" data-e-type=\"container\" data-settings=\"{&quot;background_background&quot;:&quot;classic&quot;,&quot;_ha_eqh_enable&quot;:false}\">\n\t\t\t\t\t<div class=\"e-con-inner\">\n\t\t<div class=\"elementor-element elementor-element-8a01130 e-con-full .progressive-blur-left-to-right e-flex e-con e-child\" data-id=\"8a01130\" data-element_type=\"container\" data-e-type=\"container\" data-settings=\"{&quot;_ha_eqh_enable&quot;:false}\">\n\t\t\t\t<div class=\"elementor-element elementor-element-9d53773 elementor-widget elementor-widget-heading\" data-id=\"9d53773\" data-element_type=\"widget\" data-e-type=\"widget\" data-widget_type=\"heading.default\">\n\t\t\t\t\t<h1 class=\"elementor-heading-title elementor-size-default\">Mechanische <br>Bearbeitung\n<\/h1>\t\t\t\t<\/div>\n\t\t\t\t<div class=\"elementor-element elementor-element-20666e6 elementor-widget elementor-widget-heading\" data-id=\"20666e6\" data-element_type=\"widget\" data-e-type=\"widget\" data-widget_type=\"heading.default\">\n\t\t\t\t\t<h2 class=\"elementor-heading-title elementor-size-default\">MA\u00dfFL\u00c4CHEN SPANEND FERTIGGESTELLT.\n<\/h2>\t\t\t\t<\/div>\n\t\t<div class=\"elementor-element elementor-element-b4e5be1 e-con-full e-flex e-con e-child\" data-id=\"b4e5be1\" data-element_type=\"container\" data-e-type=\"container\" data-settings=\"{&quot;_ha_eqh_enable&quot;:false}\">\n\t\t<div class=\"elementor-element elementor-element-5abad19 e-con-full e-flex e-con e-child\" data-id=\"5abad19\" data-element_type=\"container\" data-e-type=\"container\" data-settings=\"{&quot;_ha_eqh_enable&quot;:false}\">\n\t\t\t\t<div class=\"elementor-element elementor-element-59a8dd6 elevate-btn elementor-widget elementor-widget-button\" data-id=\"59a8dd6\" data-element_type=\"widget\" data-e-type=\"widget\" data-widget_type=\"button.default\">\n\t\t\t\t\t\t\t\t\t\t<a class=\"elementor-button elementor-button-link elementor-size-sm\" href=\"#mehrerfahren\">\n\t\t\t\t\t\t<span class=\"elementor-button-content-wrapper\">\n\t\t\t\t\t\t\t\t\t<span class=\"elementor-button-text\">erfahren sie mehr<\/span>\n\t\t\t\t\t<\/span>\n\t\t\t\t\t<\/a>\n\t\t\t\t\t\t\t\t<\/div>\n\t\t\t\t<div class=\"elementor-element elementor-element-d78f03a elevate-btn elementor-widget elementor-widget-button\" data-id=\"d78f03a\" data-element_type=\"widget\" data-e-type=\"widget\" data-widget_type=\"button.default\">\n\t\t\t\t\t\t\t\t\t\t<a class=\"elementor-button elementor-button-link elementor-size-sm\" href=\"#projektanfrage\">\n\t\t\t\t\t\t<span class=\"elementor-button-content-wrapper\">\n\t\t\t\t\t\t\t\t\t<span class=\"elementor-button-text\">Projektanfrage<\/span>\n\t\t\t\t\t<\/span>\n\t\t\t\t\t<\/a>\n\t\t\t\t\t\t\t\t<\/div>\n\t\t\t\t<\/div>\n\t\t\t\t<\/div>\n\t\t\t\t<\/div>\n\t\t\t\t\t<\/div>\n\t\t\t\t<\/div>\n\t\t<div class=\"elementor-element elementor-element-93e7792 elementor-hidden-desktop elementor-hidden-laptop e-con-full elementor-hidden-widescreen e-flex e-con e-parent\" data-id=\"93e7792\" data-element_type=\"container\" data-e-type=\"container\" data-settings=\"{&quot;background_background&quot;:&quot;classic&quot;,&quot;_ha_eqh_enable&quot;:false}\">\n\t\t<div class=\"elementor-element elementor-element-b40fb3e e-con-full e-flex e-con e-child\" data-id=\"b40fb3e\" data-element_type=\"container\" data-e-type=\"container\" data-settings=\"{&quot;_ha_eqh_enable&quot;:false}\">\n\t\t\t\t<div class=\"elementor-element elementor-element-6f027a9 elementor-widget elementor-widget-heading\" data-id=\"6f027a9\" data-element_type=\"widget\" data-e-type=\"widget\" data-widget_type=\"heading.default\">\n\t\t\t\t\t<h1 class=\"elementor-heading-title elementor-size-default\">Mechanische <br>Bearbeitung\n<\/h1>\t\t\t\t<\/div>\n\t\t\t\t<div class=\"elementor-element elementor-element-7084d15 elementor-widget elementor-widget-heading\" data-id=\"7084d15\" data-element_type=\"widget\" data-e-type=\"widget\" data-widget_type=\"heading.default\">\n\t\t\t\t\t<h2 class=\"elementor-heading-title elementor-size-default\">MA\u00dfFL\u00c4CHEN SPANEND FERTIGGESTELLT.\n<\/h2>\t\t\t\t<\/div>\n\t\t<div class=\"elementor-element elementor-element-2897ee6 e-con-full e-flex e-con e-child\" data-id=\"2897ee6\" data-element_type=\"container\" data-e-type=\"container\" data-settings=\"{&quot;_ha_eqh_enable&quot;:false}\">\n\t\t\t\t<div class=\"elementor-element elementor-element-94021f9 elevate-btn elementor-widget elementor-widget-button\" data-id=\"94021f9\" data-element_type=\"widget\" data-e-type=\"widget\" data-widget_type=\"button.default\">\n\t\t\t\t\t\t\t\t\t\t<a class=\"elementor-button elementor-button-link elementor-size-sm\" href=\"#mehrerfahren\">\n\t\t\t\t\t\t<span class=\"elementor-button-content-wrapper\">\n\t\t\t\t\t\t\t\t\t<span class=\"elementor-button-text\">erfahren sie mehr<\/span>\n\t\t\t\t\t<\/span>\n\t\t\t\t\t<\/a>\n\t\t\t\t\t\t\t\t<\/div>\n\t\t\t\t<div class=\"elementor-element elementor-element-d9908cc elevate-btn elementor-widget elementor-widget-button\" data-id=\"d9908cc\" data-element_type=\"widget\" data-e-type=\"widget\" data-widget_type=\"button.default\">\n\t\t\t\t\t\t\t\t\t\t<a class=\"elementor-button elementor-button-link elementor-size-sm\" href=\"#projektanfrage\">\n\t\t\t\t\t\t<span class=\"elementor-button-content-wrapper\">\n\t\t\t\t\t\t\t\t\t<span class=\"elementor-button-text\">Projektanfrage<\/span>\n\t\t\t\t\t<\/span>\n\t\t\t\t\t<\/a>\n\t\t\t\t\t\t\t\t<\/div>\n\t\t\t\t<\/div>\n\t\t\t\t<\/div>\n\t\t\t\t<\/div>\n\t\t<div class=\"elementor-element elementor-element-30d3bb1 e-flex e-con-boxed e-con e-parent\" data-id=\"30d3bb1\" data-element_type=\"container\" data-e-type=\"container\" id=\"mehrerfahren\" data-settings=\"{&quot;background_background&quot;:&quot;classic&quot;,&quot;_ha_eqh_enable&quot;:false}\">\n\t\t\t\t\t<div class=\"e-con-inner\">\n\t\t<div class=\"elementor-element elementor-element-d1aa362 e-con-full e-flex e-con e-child\" data-id=\"d1aa362\" data-element_type=\"container\" data-e-type=\"container\" data-settings=\"{&quot;_ha_eqh_enable&quot;:false}\">\n\t\t\t\t<div class=\"elementor-element elementor-element-942a4ae elementor-widget elementor-widget-heading\" data-id=\"942a4ae\" data-element_type=\"widget\" data-e-type=\"widget\" data-widget_type=\"heading.default\">\n\t\t\t\t\t<h2 class=\"elementor-heading-title elementor-size-default\">VOM ROHTEIL ZUM EINBAUFERTIGEN BAUTEIL\n<\/h2>\t\t\t\t<\/div>\n\t\t\t\t<div class=\"elementor-element elementor-element-85711f8 elementor-widget elementor-widget-heading\" data-id=\"85711f8\" data-element_type=\"widget\" data-e-type=\"widget\" data-widget_type=\"heading.default\">\n\t\t\t\t\t<h3 class=\"elementor-heading-title elementor-size-default\">Mechanische Bearbeitung ohne Umwege<\/h3>\t\t\t\t<\/div>\n\t\t\t\t<div class=\"elementor-element elementor-element-90ebb10 elementor-widget elementor-widget-text-editor\" data-id=\"90ebb10\" data-element_type=\"widget\" data-e-type=\"widget\" data-widget_type=\"text-editor.default\">\n\t\t\t\t\t\t\t\t\t<p>Als Erg\u00e4nzung zur Kaltumformtechnik bearbeiten wir Bauteile und Baugruppen spanend \u2013 vom Muster bis zur Serie. Verfahren wie Drehen, Fr\u00e4sen, Bohren, R\u00e4umen, Reiben und Gewindeformen sichern Passungen, Planlauf und Koaxialit\u00e4t an den funktionskritischen Stellen.<br \/>Prozesskontrolle und Dokumentation gew\u00e4hrleisten, dass Kundenanforderungen zuverl\u00e4ssig erreicht werden. Durchg\u00e4ngige Pr\u00fcfungen stellen Ma\u00dfhaltigkeit und Wiederholgenauigkeit sicher \u2013 auch in Gro\u00dfserien.<\/p><p>In der Komponentenfertigung flie\u00dfen die bearbeiteten Teile direkt in F\u00fcge- und Montageprozesse ein. Das Ergebnis: einbaufertige Komponenten f\u00fcr Ihre Linie, ohne zus\u00e4tzliche Bearbeitungsschritte<\/p>\t\t\t\t\t\t\t\t<\/div>\n\t\t\t\t<div class=\"elementor-element elementor-element-bb34678 elementor-widget elementor-widget-text-editor\" data-id=\"bb34678\" data-element_type=\"widget\" data-e-type=\"widget\" data-widget_type=\"text-editor.default\">\n\t\t\t\t\t\t\t\t\t<p>Ihre Vorteile im \u00dcberblick<\/p>\t\t\t\t\t\t\t\t<\/div>\n\t\t\t\t<div class=\"elementor-element elementor-element-598b451f rautenliste elementor-widget elementor-widget-text-editor\" data-id=\"598b451f\" data-element_type=\"widget\" data-e-type=\"widget\" data-widget_type=\"text-editor.default\">\n\t\t\t\t\t\t\t\t\t<ul><li>Funktionssichere Passungen und Oberfl\u00e4chenqualit\u00e4t<\/li><li>Planlauf und Koaxialit\u00e4t auch bei hohen St\u00fcckzahlen<\/li><li>Dokumentierte Prozess- und Ma\u00dfpr\u00fcfung<\/li><li>Integration in F\u00fcge- und Montageprozesse<\/li><li>Bauteile einbaufertig geliefert<\/li><\/ul>\t\t\t\t\t\t\t\t<\/div>\n\t\t\t\t<\/div>\n\t\t\t\t\t<\/div>\n\t\t\t\t<\/div>\n\t\t<div class=\"elementor-element elementor-element-1149558 e-flex e-con-boxed e-con e-parent\" data-id=\"1149558\" data-element_type=\"container\" data-e-type=\"container\" data-settings=\"{&quot;_ha_eqh_enable&quot;:false}\">\n\t\t\t\t\t<div class=\"e-con-inner\">\n\t\t<div class=\"elementor-element elementor-element-8d8eb38 e-con-full e-flex e-con e-child\" data-id=\"8d8eb38\" data-element_type=\"container\" data-e-type=\"container\" data-settings=\"{&quot;background_background&quot;:&quot;classic&quot;,&quot;_ha_eqh_enable&quot;:false}\">\n\t\t\t\t<div class=\"elementor-element elementor-element-249fc97 elementor-widget elementor-widget-heading\" data-id=\"249fc97\" data-element_type=\"widget\" data-e-type=\"widget\" data-widget_type=\"heading.default\">\n\t\t\t\t\t<h2 class=\"elementor-heading-title elementor-size-default\">Jede Serie sitzt<\/h2>\t\t\t\t<\/div>\n\t\t\t\t<div class=\"elementor-element elementor-element-a9b5740 elementor-widget elementor-widget-heading\" data-id=\"a9b5740\" data-element_type=\"widget\" data-e-type=\"widget\" data-widget_type=\"heading.default\">\n\t\t\t\t\t<h3 class=\"elementor-heading-title elementor-size-default\">Konstante Wiederholgenauigkeit<\/h3>\t\t\t\t<\/div>\n\t\t\t\t<div class=\"elementor-element elementor-element-57e25db elementor-widget elementor-widget-text-editor\" data-id=\"57e25db\" data-element_type=\"widget\" data-e-type=\"widget\" data-widget_type=\"text-editor.default\">\n\t\t\t\t\t\t\t\t\t<p>In der mechanischen Bearbeitung entscheidet jeder Hundertstelmillimeter \u00fcber die Funktion des sp\u00e4teren Systems.\u00a0<\/p><p>Durch pr\u00e4zises Drehen, Fr\u00e4sen und Bohren sichern wir, dass Bauteile exakt ineinandergreifen und ihre Aufgabe dauerhaft erf\u00fcllen.\u00a0<\/p><p>Auch bei hohen St\u00fcckzahlen bleibt die Qualit\u00e4t konstant \u2013 daf\u00fcr sorgen standardisierte Prozesse, dokumentierte Pr\u00fcfungen und unser erfahrenes Team.<\/p>\t\t\t\t\t\t\t\t<\/div>\n\t\t\t\t<\/div>\n\t\t<div class=\"elementor-element elementor-element-6385da1 e-con-full e-flex e-con e-child\" data-id=\"6385da1\" data-element_type=\"container\" data-e-type=\"container\" data-settings=\"{&quot;background_background&quot;:&quot;classic&quot;,&quot;_ha_eqh_enable&quot;:false}\">\n\t\t\t\t<\/div>\n\t\t<div class=\"elementor-element elementor-element-4357511 e-con-full e-flex e-con e-child\" data-id=\"4357511\" data-element_type=\"container\" data-e-type=\"container\" data-settings=\"{&quot;background_background&quot;:&quot;classic&quot;,&quot;_ha_eqh_enable&quot;:false}\">\n\t\t\t\t<\/div>\n\t\t<div class=\"elementor-element elementor-element-0f9a465 e-con-full e-flex e-con e-child\" data-id=\"0f9a465\" data-element_type=\"container\" data-e-type=\"container\" data-settings=\"{&quot;background_background&quot;:&quot;classic&quot;,&quot;_ha_eqh_enable&quot;:false}\">\n\t\t\t\t<div class=\"elementor-element elementor-element-81f14d9 elementor-widget elementor-widget-heading\" data-id=\"81f14d9\" data-element_type=\"widget\" data-e-type=\"widget\" data-widget_type=\"heading.default\">\n\t\t\t\t\t<h2 class=\"elementor-heading-title elementor-size-default\">Einbaufertige Komponenten<\/h2>\t\t\t\t<\/div>\n\t\t\t\t<div class=\"elementor-element elementor-element-d02770b elementor-widget elementor-widget-heading\" data-id=\"d02770b\" data-element_type=\"widget\" data-e-type=\"widget\" data-widget_type=\"heading.default\">\n\t\t\t\t\t<h3 class=\"elementor-heading-title elementor-size-default\">Von der Bearbeitung direkt in die Montage.<\/h3>\t\t\t\t<\/div>\n\t\t\t\t<div class=\"elementor-element elementor-element-f1b0854 elementor-widget elementor-widget-text-editor\" data-id=\"f1b0854\" data-element_type=\"widget\" data-e-type=\"widget\" data-widget_type=\"text-editor.default\">\n\t\t\t\t\t\t\t\t\t<p data-start=\"1700\" data-end=\"2027\">Die mechanische Bearbeitung ist bei FIUKA in die Komponentenfertigung integriert. Das bedeutet: Teile, die bei uns bearbeitet werden, flie\u00dfen ohne Umwege in F\u00fcge- und Montageprozesse ein.\u00a0<\/p><p data-start=\"1700\" data-end=\"2027\">Unsere Kunden erhalten so einbaufertige Komponenten, die ohne weitere Arbeitsschritte in ihre Produktionslinien integriert werden k\u00f6nnen.<\/p><p data-start=\"2029\" data-end=\"2143\">Das spart Zeit, reduziert Schnittstellen und senkt Kosten \u2013 bei gleichzeitiger Steigerung der Prozesssicherheit.<\/p>\t\t\t\t\t\t\t\t<\/div>\n\t\t\t\t<\/div>\n\t\t\t\t\t<\/div>\n\t\t\t\t<\/div>\n\t\t<div class=\"elementor-element elementor-element-1324148 e-flex e-con-boxed e-con e-parent\" data-id=\"1324148\" data-element_type=\"container\" data-e-type=\"container\" id=\"projektanfrage\" data-settings=\"{&quot;background_background&quot;:&quot;classic&quot;,&quot;_ha_eqh_enable&quot;:false}\">\n\t\t\t\t\t<div class=\"e-con-inner\">\n\t\t<div class=\"elementor-element elementor-element-b380ef0 e-con-full e-flex e-con e-child\" data-id=\"b380ef0\" data-element_type=\"container\" data-e-type=\"container\" data-settings=\"{&quot;_ha_eqh_enable&quot;:false}\">\n\t\t\t\t<div class=\"elementor-element elementor-element-16f2f16 elementor-widget elementor-widget-heading\" data-id=\"16f2f16\" data-element_type=\"widget\" data-e-type=\"widget\" data-widget_type=\"heading.default\">\n\t\t\t\t\t<h2 class=\"elementor-heading-title elementor-size-default\">Ihr direkter Draht zu uns<\/h2>\t\t\t\t<\/div>\n\t\t\t\t<div class=\"elementor-element elementor-element-a29f9e0 elementor-widget elementor-widget-heading\" data-id=\"a29f9e0\" data-element_type=\"widget\" data-e-type=\"widget\" data-widget_type=\"heading.default\">\n\t\t\t\t\t<h3 class=\"elementor-heading-title elementor-size-default\">SCHNELL, UNKOMPLIZIERT &amp; PERS\u00d6NLICH<\/h3>\t\t\t\t<\/div>\n\t\t\t\t<\/div>\n\t\t<div class=\"elementor-element elementor-element-65b451a e-con-full e-flex e-con e-child\" data-id=\"65b451a\" data-element_type=\"container\" data-e-type=\"container\" data-settings=\"{&quot;background_background&quot;:&quot;classic&quot;,&quot;_ha_eqh_enable&quot;:false}\">\n\t\t<div class=\"elementor-element elementor-element-d6df182 e-con-full e-flex e-con e-child\" data-id=\"d6df182\" data-element_type=\"container\" data-e-type=\"container\" data-settings=\"{&quot;background_background&quot;:&quot;classic&quot;,&quot;_ha_eqh_enable&quot;:false}\">\n\t\t\t\t<div class=\"elementor-element elementor-element-530aa3c elementor-button-align-center elementor-widget__width-initial elementor-widget elementor-widget-form\" data-id=\"530aa3c\" data-element_type=\"widget\" data-e-type=\"widget\" data-settings=\"{&quot;step_next_label&quot;:&quot;N\\u00e4chster&quot;,&quot;step_previous_label&quot;:&quot;Voriger&quot;,&quot;button_width&quot;:&quot;100&quot;,&quot;step_type&quot;:&quot;number_text&quot;,&quot;step_icon_shape&quot;:&quot;circle&quot;}\" data-widget_type=\"form.default\">\n\t\t\t\t\t\t\t<form class=\"elementor-form\" method=\"post\" id=\"kontaktformular_abgastechnik\" name=\"Kontakt\" aria-label=\"Kontakt\">\n\t\t\t<input type=\"hidden\" name=\"post_id\" value=\"3343\"\/>\n\t\t\t<input type=\"hidden\" name=\"form_id\" value=\"530aa3c\"\/>\n\t\t\t<input type=\"hidden\" name=\"referer_title\" value=\"Mechanische Bearbeitung - FIUKA - Industrie. Neu geformt.\" \/>\n\n\t\t\t\t\t\t\t<input type=\"hidden\" name=\"queried_id\" value=\"3343\"\/>\n\t\t\t\n\t\t\t<div class=\"elementor-form-fields-wrapper elementor-labels-\">\n\t\t\t\t\t\t\t\t<div class=\"elementor-field-type-text elementor-field-group elementor-column elementor-field-group-unternehmen elementor-col-50 elementor-sm-50\">\n\t\t\t\t\t\t\t\t\t\t\t\t<label for=\"form-field-unternehmen\" class=\"elementor-field-label elementor-screen-only\">\n\t\t\t\t\t\t\t\tUnternehmen\t\t\t\t\t\t\t<\/label>\n\t\t\t\t\t\t\t\t\t\t\t\t\t\t<input size=\"1\" type=\"text\" name=\"form_fields[unternehmen]\" id=\"form-field-unternehmen\" class=\"elementor-field elementor-size-md  elementor-field-textual\" placeholder=\"Unternehmen*\">\n\t\t\t\t\t\t\t\t\t\t\t<\/div>\n\t\t\t\t\t\t\t\t<div class=\"elementor-field-type-text elementor-field-group elementor-column elementor-field-group-ansprechpartner elementor-col-50 elementor-sm-50 elementor-field-required\">\n\t\t\t\t\t\t\t\t\t\t\t\t<label for=\"form-field-ansprechpartner\" class=\"elementor-field-label elementor-screen-only\">\n\t\t\t\t\t\t\t\tAnsprechpartner\t\t\t\t\t\t\t<\/label>\n\t\t\t\t\t\t\t\t\t\t\t\t\t\t<input size=\"1\" type=\"text\" name=\"form_fields[ansprechpartner]\" id=\"form-field-ansprechpartner\" class=\"elementor-field elementor-size-md  elementor-field-textual\" placeholder=\"Ansprechpartner*\" required=\"required\">\n\t\t\t\t\t\t\t\t\t\t\t<\/div>\n\t\t\t\t\t\t\t\t<div class=\"elementor-field-type-email elementor-field-group elementor-column elementor-field-group-email elementor-col-50 elementor-sm-50 elementor-field-required\">\n\t\t\t\t\t\t\t\t\t\t\t\t<label for=\"form-field-email\" class=\"elementor-field-label elementor-screen-only\">\n\t\t\t\t\t\t\t\tE-Mail\t\t\t\t\t\t\t<\/label>\n\t\t\t\t\t\t\t\t\t\t\t\t\t\t<input size=\"1\" type=\"email\" name=\"form_fields[email]\" id=\"form-field-email\" class=\"elementor-field elementor-size-md  elementor-field-textual\" placeholder=\"E-Mail*\" required=\"required\">\n\t\t\t\t\t\t\t\t\t\t\t<\/div>\n\t\t\t\t\t\t\t\t<div class=\"elementor-field-type-tel elementor-field-group elementor-column elementor-field-group-telefon elementor-col-50 elementor-sm-50\">\n\t\t\t\t\t\t\t\t\t\t\t\t<label for=\"form-field-telefon\" class=\"elementor-field-label elementor-screen-only\">\n\t\t\t\t\t\t\t\tTelefon\t\t\t\t\t\t\t<\/label>\n\t\t\t\t\t\t\t\t<input size=\"1\" type=\"tel\" name=\"form_fields[telefon]\" id=\"form-field-telefon\" class=\"elementor-field elementor-size-md  elementor-field-textual\" placeholder=\"Telefon\" pattern=\"[0-9()#&amp;+*-=.]+\" title=\"Nur Nummern oder Telefon-Zeichen (#, -, *, etc) werden akzeptiert.\">\n\n\t\t\t\t\t\t<\/div>\n\t\t\t\t\t\t\t\t<div class=\"elementor-field-type-textarea elementor-field-group elementor-column elementor-field-group-nachricht elementor-col-100\">\n\t\t\t\t\t\t\t\t\t\t\t\t<label for=\"form-field-nachricht\" class=\"elementor-field-label elementor-screen-only\">\n\t\t\t\t\t\t\t\tNachricht\t\t\t\t\t\t\t<\/label>\n\t\t\t\t\t\t<textarea class=\"elementor-field-textual elementor-field  elementor-size-md\" name=\"form_fields[nachricht]\" id=\"form-field-nachricht\" rows=\"4\" placeholder=\"Nachricht\"><\/textarea>\t\t\t\t<\/div>\n\t\t\t\t\t\t\t\t<div class=\"elementor-field-type-html elementor-field-group elementor-column elementor-field-group-field_3d59b69 elementor-col-100\">\n\t\t\t\t\t<p>Ihre Daten werden vertraulich behandelt. Weitere Informationen finden Sie in unserer <a href=\"https:\/\/www.fiuka.de\/datenschutz\" target=\"_blank\"><span style=\"color: #003D8D;font-weight: 500;\">Datenschutzerkl\u00e4rung<\/span><\/a>.<\/p> \n\t\t\t\t<\/div>\n\t\t\t\t\t\t\t\t<div class=\"elementor-field-type-acceptance elementor-field-group elementor-column elementor-field-group-datenschutzcheckbox elementor-col-100 elementor-field-required\">\n\t\t\t\t\t\t\t<div class=\"elementor-field-subgroup\">\n\t\t\t<span class=\"elementor-field-option\">\n\t\t\t\t<input type=\"checkbox\" name=\"form_fields[datenschutzcheckbox]\" id=\"form-field-datenschutzcheckbox\" class=\"elementor-field elementor-size-md  elementor-acceptance-field\" required=\"required\">\n\t\t\t\t<label for=\"form-field-datenschutzcheckbox\"><span style=\"font-size: 17px; font-weight: 500; \">\n  Ich habe die Datenschutzerkl\u00e4rung gelesen und akzeptiert*\n<\/span><\/label>\t\t\t<\/span>\n\t\t<\/div>\n\t\t\t\t\t\t<\/div>\n\t\t\t\t\t\t\t\t<div class=\"elementor-field-type-hcaptcha elementor-field-group elementor-column elementor-field-group-field_161d688 elementor-col-100\">\n\t\t\t\t\t\t\t\t\t<\/div>\n\t\t\t\t\t\t\t\t<div class=\"elementor-field-group elementor-column elementor-field-type-submit elementor-col-100 e-form__buttons\">\n\t\t\t\t\t<button class=\"elementor-button elementor-size-md\" type=\"submit\">\n\t\t\t\t\t\t<span class=\"elementor-button-content-wrapper\">\n\t\t\t\t\t\t\t\t\t\t\t\t\t\t\t\t\t\t\t\t\t\t<span class=\"elementor-button-text\">Anfrage absenden<\/span>\n\t\t\t\t\t\t\t\t\t\t\t\t\t<\/span>\n\t\t\t\t\t<\/button>\n\t\t\t\t<\/div>\n\t\t\t<\/div>\n\t\t<\/form>\n\t\t\t\t\t\t<\/div>\n\t\t\t\t<\/div>\n\t\t\t\t<\/div>\n\t\t\t\t\t<\/div>\n\t\t\t\t<\/div>\n\t\t\t\t<\/div>\n\t\t","protected":false},"excerpt":{"rendered":"<p>Mechanische Bearbeitung MA\u00dfFL\u00c4CHEN SPANEND FERTIGGESTELLT. erfahren sie mehr Projektanfrage Mechanische Bearbeitung MA\u00dfFL\u00c4CHEN SPANEND FERTIGGESTELLT. erfahren sie mehr Projektanfrage VOM ROHTEIL ZUM EINBAUFERTIGEN BAUTEIL Mechanische Bearbeitung ohne Umwege Als Erg\u00e4nzung zur Kaltumformtechnik bearbeiten wir Bauteile und Baugruppen spanend \u2013 vom Muster bis zur Serie. Verfahren wie Drehen, Fr\u00e4sen, Bohren, R\u00e4umen, Reiben und Gewindeformen sichern Passungen, Planlauf [&hellip;]<\/p>\n","protected":false},"author":1,"featured_media":0,"parent":8461,"menu_order":0,"comment_status":"closed","ping_status":"closed","template":"elementor_header_footer","meta":{"_acf_changed":false,"footnotes":""},"class_list":["post-3343","page","type-page","status-publish","hentry"],"acf":[],"_links":{"self":[{"href":"https:\/\/www.fiuka.de\/en\/wp-json\/wp\/v2\/pages\/3343","targetHints":{"allow":["GET"]}}],"collection":[{"href":"https:\/\/www.fiuka.de\/en\/wp-json\/wp\/v2\/pages"}],"about":[{"href":"https:\/\/www.fiuka.de\/en\/wp-json\/wp\/v2\/types\/page"}],"author":[{"embeddable":true,"href":"https:\/\/www.fiuka.de\/en\/wp-json\/wp\/v2\/users\/1"}],"replies":[{"embeddable":true,"href":"https:\/\/www.fiuka.de\/en\/wp-json\/wp\/v2\/comments?post=3343"}],"version-history":[{"count":0,"href":"https:\/\/www.fiuka.de\/en\/wp-json\/wp\/v2\/pages\/3343\/revisions"}],"up":[{"embeddable":true,"href":"https:\/\/www.fiuka.de\/en\/wp-json\/wp\/v2\/pages\/8461"}],"wp:attachment":[{"href":"https:\/\/www.fiuka.de\/en\/wp-json\/wp\/v2\/media?parent=3343"}],"curies":[{"name":"wp","href":"https:\/\/api.w.org\/{rel}","templated":true}]}}